{"id":355262,"date":"2022-01-24T15:50:06","date_gmt":"2022-01-24T13:50:06","guid":{"rendered":"https:\/\/games.tactic.net\/tuote\/articulated-road-loader-fr-130\/"},"modified":"2023-10-20T15:26:12","modified_gmt":"2023-10-20T12:26:12","slug":"articulated-road-loader-fr-130","status":"publish","type":"product","link":"https:\/\/games.tactic.net\/no\/tuote\/articulated-road-loader-fr-130\/","title":{"rendered":"Leddstyrt hjullaster FR 130"},"content":{"rendered":"<p>FR 130 leddstyrt hjullaster har en fullt fungerende skuffearm som kan l\u00e5ses i posisjon. Skuffa kan ogs\u00e5 vippes. Den leddstyrte hjullasteren er lett \u00e5 man\u00f8vrere med leddstyringen.<\/p>\n","protected":false},"excerpt":{"rendered":"<p>FR 130 Hjullasteren har en funksjonell skuffearm som kan l\u00e5ses. Skuffen kan ogs\u00e5 tippes. Hjullasteren er enkel \u00e5 styre med det n\u00f8yaktige styresystemet.<\/p>\n","protected":false},"featured_media":0,"template":"","meta":{"content-type":"","_monsterinsights_skip_tracking":false,"_monsterinsights_sitenote_active":false,"_monsterinsights_sitenote_note":"","_monsterinsights_sitenote_category":0},"product_brand":[],"product_cat":[1705],"product_tag":[],"brand":[],"target-group":[],"discontinued":[],"class_list":{"0":"post-355262","1":"product","2":"type-product","3":"status-publish","5":"product_cat-bruder-leker","7":"first","8":"instock","9":"taxable","10":"shipping-taxable","11":"product-type-simple"},"aioseo_notices":[],"_links":{"self":[{"href":"https:\/\/games.tactic.net\/no\/wp-json\/wp\/v2\/product\/355262","targetHints":{"allow":["GET"]}}],"collection":[{"href":"https:\/\/games.tactic.net\/no\/wp-json\/wp\/v2\/product"}],"about":[{"href":"https:\/\/games.tactic.net\/no\/wp-json\/wp\/v2\/types\/product"}],"wp:attachment":[{"href":"https:\/\/games.tactic.net\/no\/wp-json\/wp\/v2\/media?parent=355262"}],"wp:term":[{"taxonomy":"product_brand","embeddable":true,"href":"https:\/\/games.tactic.net\/no\/wp-json\/wp\/v2\/product_brand?post=355262"},{"taxonomy":"product_cat","embeddable":true,"href":"https:\/\/games.tactic.net\/no\/wp-json\/wp\/v2\/product_cat?post=355262"},{"taxonomy":"product_tag","embeddable":true,"href":"https:\/\/games.tactic.net\/no\/wp-json\/wp\/v2\/product_tag?post=355262"},{"taxonomy":"brand","embeddable":true,"href":"https:\/\/games.tactic.net\/no\/wp-json\/wp\/v2\/brand?post=355262"},{"taxonomy":"target-group","embeddable":true,"href":"https:\/\/games.tactic.net\/no\/wp-json\/wp\/v2\/target-group?post=355262"},{"taxonomy":"discontinued","embeddable":true,"href":"https:\/\/games.tactic.net\/no\/wp-json\/wp\/v2\/discontinued?post=355262"}],"curies":[{"name":"wp","href":"https:\/\/api.w.org\/{rel}","templated":true}]}}