{"id":355233,"date":"2022-01-24T15:49:57","date_gmt":"2022-01-24T13:49:57","guid":{"rendered":"https:\/\/games.tactic.net\/tuote\/cat-bulldozer\/"},"modified":"2023-10-20T15:33:50","modified_gmt":"2023-10-20T12:33:50","slug":"cat-bulldozer","status":"publish","type":"product","link":"https:\/\/games.tactic.net\/no\/tuote\/cat-bulldozer\/","title":{"rendered":"CAT bulldoser"},"content":{"rendered":"<p>Plogbladet til CATERPILLAR bulldoseren l\u00f8ftes opp\/ned, og det kan vippes og l\u00e5ses i posisjon. Riven bak kan ogs\u00e5 senkes. CATERPILLAR bulldoseren bruker belter for komfortabel bevegelse.<\/p>\n","protected":false},"excerpt":{"rendered":"<p>Skj\u00e6ret til CATERPILLAR bulldoseren kan heves og senkes, og den kan l\u00e5ses i \u00f8nsket posisjon. Bak har den en rake som ogs\u00e5 kan senkes. Bulldoseren har ogs\u00e5 larvef\u00f8tter for enkel bruk p\u00e5 ulike underlag.<\/p>\n","protected":false},"featured_media":0,"template":"","meta":{"content-type":"","_monsterinsights_skip_tracking":false,"_monsterinsights_sitenote_active":false,"_monsterinsights_sitenote_note":"","_monsterinsights_sitenote_category":0},"product_brand":[],"product_cat":[1705],"product_tag":[],"brand":[],"target-group":[],"discontinued":[],"class_list":{"0":"post-355233","1":"product","2":"type-product","3":"status-publish","5":"product_cat-bruder-leker","7":"first","8":"instock","9":"taxable","10":"shipping-taxable","11":"product-type-simple"},"aioseo_notices":[],"_links":{"self":[{"href":"https:\/\/games.tactic.net\/no\/wp-json\/wp\/v2\/product\/355233","targetHints":{"allow":["GET"]}}],"collection":[{"href":"https:\/\/games.tactic.net\/no\/wp-json\/wp\/v2\/product"}],"about":[{"href":"https:\/\/games.tactic.net\/no\/wp-json\/wp\/v2\/types\/product"}],"wp:attachment":[{"href":"https:\/\/games.tactic.net\/no\/wp-json\/wp\/v2\/media?parent=355233"}],"wp:term":[{"taxonomy":"product_brand","embeddable":true,"href":"https:\/\/games.tactic.net\/no\/wp-json\/wp\/v2\/product_brand?post=355233"},{"taxonomy":"product_cat","embeddable":true,"href":"https:\/\/games.tactic.net\/no\/wp-json\/wp\/v2\/product_cat?post=355233"},{"taxonomy":"product_tag","embeddable":true,"href":"https:\/\/games.tactic.net\/no\/wp-json\/wp\/v2\/product_tag?post=355233"},{"taxonomy":"brand","embeddable":true,"href":"https:\/\/games.tactic.net\/no\/wp-json\/wp\/v2\/brand?post=355233"},{"taxonomy":"target-group","embeddable":true,"href":"https:\/\/games.tactic.net\/no\/wp-json\/wp\/v2\/target-group?post=355233"},{"taxonomy":"discontinued","embeddable":true,"href":"https:\/\/games.tactic.net\/no\/wp-json\/wp\/v2\/discontinued?post=355233"}],"curies":[{"name":"wp","href":"https:\/\/api.w.org\/{rel}","templated":true}]}}