{"id":355204,"date":"2022-01-24T15:49:47","date_gmt":"2022-01-24T13:49:47","guid":{"rendered":"https:\/\/games.tactic.net\/tuote\/pottinger-vitasem-302add-harrow-mounted-seed-drills\/"},"modified":"2023-10-20T16:54:25","modified_gmt":"2023-10-20T13:54:25","slug":"pottinger-vitasem-302add-harrow-mounted-seed-drills","status":"publish","type":"product","link":"https:\/\/games.tactic.net\/no\/tuote\/pottinger-vitasem-302add-harrow-mounted-seed-drills\/","title":{"rendered":"P\u00f6ttinger Vitasem 302ADD harv-s\u00e5maskin"},"content":{"rendered":"<p>Den kombinerte rotorharven og s\u00e5maskinen P\u00f6ttinger Vitasem 302ADD brukes i landbruket til jordbearbeiding og utmerker seg ved \u00e5 dosere fr\u00f8ene p\u00e5 en spesielt rask og n\u00f8yaktig m\u00e5te. \u00c5 s\u00e5 med h\u00f8yere presisjon og oppn\u00e5 st\u00f8rre avlinger under innh\u00f8stingen er kjernen i denne kombinerte enheten laget av P\u00f6ttinger. Modellen laget av BRUDER har et redskapsgrensesnitt som gj\u00f8r det mulig \u00e5 bruke den kombinerte rotorharven og s\u00e5maskinen med alle traktorer som inng\u00e5r i produktlinjen. Den integrerte heisemekanismen lar dem heve og senke enheten, og lar barna n\u00f8yaktig simulere den virkelige transport- og arbeidsstillingen. De valgfrie leket\u00f8ysfigurene som tilbys av BRUDER kan klatre opp p\u00e5 den kombinerte enheten ved \u00e5 bruke den nedfellbare trappen for \u00e5 \u00e5pne fr\u00f8tanken. Arbeidet kan starte s\u00e5 snart tanken er fylt, kombinasjonen er koblet til traktoren og utl\u00f8psventilen er \u00e5pen. Rike detaljer bringer den visuelle effekten til dette leket\u00f8yet frem, slik at barn kan leke p\u00e5 en enda mer realistisk m\u00e5te.<\/p>\n","protected":false},"excerpt":{"rendered":"<p>P\u00f6ttinger Vitasem 302ADD kombinasjonsmaskin er brukt i landbruket for \u00e5 vende jorden og gj\u00f8re den klar for fr\u00f8ne som kommer rett etter den roterende harven. Den integrerte heisemekanismen lar barnene heve og senke enheten, og n\u00f8yaktig simulere originalens transport og arbeids posisjoner.<\/p>\n","protected":false},"featured_media":0,"template":"","meta":{"content-type":"","_monsterinsights_skip_tracking":false,"_monsterinsights_sitenote_active":false,"_monsterinsights_sitenote_note":"","_monsterinsights_sitenote_category":0},"product_brand":[],"product_cat":[1705],"product_tag":[],"brand":[],"target-group":[],"discontinued":[],"class_list":{"0":"post-355204","1":"product","2":"type-product","3":"status-publish","5":"product_cat-bruder-leker","7":"first","8":"instock","9":"taxable","10":"shipping-taxable","11":"product-type-simple"},"aioseo_notices":[],"_links":{"self":[{"href":"https:\/\/games.tactic.net\/no\/wp-json\/wp\/v2\/product\/355204","targetHints":{"allow":["GET"]}}],"collection":[{"href":"https:\/\/games.tactic.net\/no\/wp-json\/wp\/v2\/product"}],"about":[{"href":"https:\/\/games.tactic.net\/no\/wp-json\/wp\/v2\/types\/product"}],"wp:attachment":[{"href":"https:\/\/games.tactic.net\/no\/wp-json\/wp\/v2\/media?parent=355204"}],"wp:term":[{"taxonomy":"product_brand","embeddable":true,"href":"https:\/\/games.tactic.net\/no\/wp-json\/wp\/v2\/product_brand?post=355204"},{"taxonomy":"product_cat","embeddable":true,"href":"https:\/\/games.tactic.net\/no\/wp-json\/wp\/v2\/product_cat?post=355204"},{"taxonomy":"product_tag","embeddable":true,"href":"https:\/\/games.tactic.net\/no\/wp-json\/wp\/v2\/product_tag?post=355204"},{"taxonomy":"brand","embeddable":true,"href":"https:\/\/games.tactic.net\/no\/wp-json\/wp\/v2\/brand?post=355204"},{"taxonomy":"target-group","embeddable":true,"href":"https:\/\/games.tactic.net\/no\/wp-json\/wp\/v2\/target-group?post=355204"},{"taxonomy":"discontinued","embeddable":true,"href":"https:\/\/games.tactic.net\/no\/wp-json\/wp\/v2\/discontinued?post=355204"}],"curies":[{"name":"wp","href":"https:\/\/api.w.org\/{rel}","templated":true}]}}