{"id":355175,"date":"2022-01-24T15:49:38","date_gmt":"2022-01-24T13:49:38","guid":{"rendered":"https:\/\/games.tactic.net\/tuote\/pottinger-lion-3002-rotary-harrow\/"},"modified":"2023-10-20T15:24:49","modified_gmt":"2023-10-20T12:24:49","slug":"pottinger-lion-3002-rotary-harrow","status":"publish","type":"product","link":"https:\/\/games.tactic.net\/no\/tuote\/pottinger-lion-3002-rotary-harrow\/","title":{"rendered":"P\u00f6ttinger Lion 3002 rotorharv"},"content":{"rendered":"<p>P\u00f6ttinger Lion 3002 rotorharven er designet for jordbearbeiding i landbruket og brukes f\u00f8rst og fremst til \u00e5 klargj\u00f8re jordet f\u00f8r s\u00e5ing. Med den BRUDER-spesifikke adapteren kan rotorharven kobles til alle kj\u00f8ret\u00f8yer som er inkludert i BRUDERs traktorserie. Den integrerte heisemekanismen lar dem heve og senke enheten, og lar barna n\u00f8yaktig simulere den virkelige transport- og arbeidsstillingen. N\u00e5r den kj\u00f8res i arbeidsstilling, bearbeider harvens roterende trykkrulle jorden, mens en rekke tilleggsdetaljer fremhever kj\u00f8ret\u00f8yets visuelle effekt, slik at barna kan leke med den p\u00e5 en enda mer realistisk m\u00e5te.<\/p>\n","protected":false},"excerpt":{"rendered":"<p>P\u00f6ttinger Lion 3002 roterendeharv er designet for vending av matjord og brukes f\u00f8rst og fremst til \u00e5 forberede marken for s\u00e5ing. Den integrerte heisemekanismen lar barnene heve og senke enheten og n\u00f8yaktig simulere originalens transport og arbeids posisjoner.<\/p>\n","protected":false},"featured_media":0,"template":"","meta":{"content-type":"","_monsterinsights_skip_tracking":false,"_monsterinsights_sitenote_active":false,"_monsterinsights_sitenote_note":"","_monsterinsights_sitenote_category":0},"product_brand":[],"product_cat":[1705],"product_tag":[],"brand":[],"target-group":[],"discontinued":[],"class_list":{"0":"post-355175","1":"product","2":"type-product","3":"status-publish","5":"product_cat-bruder-leker","7":"first","8":"instock","9":"taxable","10":"shipping-taxable","11":"product-type-simple"},"aioseo_notices":[],"_links":{"self":[{"href":"https:\/\/games.tactic.net\/no\/wp-json\/wp\/v2\/product\/355175","targetHints":{"allow":["GET"]}}],"collection":[{"href":"https:\/\/games.tactic.net\/no\/wp-json\/wp\/v2\/product"}],"about":[{"href":"https:\/\/games.tactic.net\/no\/wp-json\/wp\/v2\/types\/product"}],"wp:attachment":[{"href":"https:\/\/games.tactic.net\/no\/wp-json\/wp\/v2\/media?parent=355175"}],"wp:term":[{"taxonomy":"product_brand","embeddable":true,"href":"https:\/\/games.tactic.net\/no\/wp-json\/wp\/v2\/product_brand?post=355175"},{"taxonomy":"product_cat","embeddable":true,"href":"https:\/\/games.tactic.net\/no\/wp-json\/wp\/v2\/product_cat?post=355175"},{"taxonomy":"product_tag","embeddable":true,"href":"https:\/\/games.tactic.net\/no\/wp-json\/wp\/v2\/product_tag?post=355175"},{"taxonomy":"brand","embeddable":true,"href":"https:\/\/games.tactic.net\/no\/wp-json\/wp\/v2\/brand?post=355175"},{"taxonomy":"target-group","embeddable":true,"href":"https:\/\/games.tactic.net\/no\/wp-json\/wp\/v2\/target-group?post=355175"},{"taxonomy":"discontinued","embeddable":true,"href":"https:\/\/games.tactic.net\/no\/wp-json\/wp\/v2\/discontinued?post=355175"}],"curies":[{"name":"wp","href":"https:\/\/api.w.org\/{rel}","templated":true}]}}