{"id":355101,"date":"2022-01-24T15:49:00","date_gmt":"2022-01-24T13:49:00","guid":{"rendered":"https:\/\/games.tactic.net\/tuote\/accessories-amazone-sowing-machine\/"},"modified":"2023-10-20T15:21:03","modified_gmt":"2023-10-20T12:21:03","slug":"accessories-amazone-sowing-machine","status":"publish","type":"product","link":"https:\/\/games.tactic.net\/no\/tuote\/accessories-amazone-sowing-machine\/","title":{"rendered":"Tilbeh\u00f8r: Amazone s\u00e5maskin"},"content":{"rendered":"<p>Beholderlokket til s\u00e5maskinen kan \u00e5pnes og fr\u00f8beholderen fylles. S\u00e5maskinen er fullt funksjonell under kj\u00f8ring. Amazone-s\u00e5maskinen passer for alle traktorer i Profi-serien (ikke inkludert).<\/p>\n","protected":false},"excerpt":{"rendered":"<p>Denne fullt funksjonelle s\u00e5maskinen har en fr\u00f8beholder som g\u00e5r \u00e5 fylle. Beholderens lokk kan \u00e5pnes noe som gj\u00f8r det \u00e5 fylle fr\u00f8 en lek!<\/p>\n","protected":false},"featured_media":0,"template":"","meta":{"content-type":"","_monsterinsights_skip_tracking":false,"_monsterinsights_sitenote_active":false,"_monsterinsights_sitenote_note":"","_monsterinsights_sitenote_category":0},"product_brand":[],"product_cat":[1705],"product_tag":[],"brand":[],"target-group":[],"discontinued":[],"class_list":{"0":"post-355101","1":"product","2":"type-product","3":"status-publish","5":"product_cat-bruder-leker","7":"first","8":"outofstock","9":"taxable","10":"shipping-taxable","11":"product-type-simple"},"aioseo_notices":[],"_links":{"self":[{"href":"https:\/\/games.tactic.net\/no\/wp-json\/wp\/v2\/product\/355101","targetHints":{"allow":["GET"]}}],"collection":[{"href":"https:\/\/games.tactic.net\/no\/wp-json\/wp\/v2\/product"}],"about":[{"href":"https:\/\/games.tactic.net\/no\/wp-json\/wp\/v2\/types\/product"}],"wp:attachment":[{"href":"https:\/\/games.tactic.net\/no\/wp-json\/wp\/v2\/media?parent=355101"}],"wp:term":[{"taxonomy":"product_brand","embeddable":true,"href":"https:\/\/games.tactic.net\/no\/wp-json\/wp\/v2\/product_brand?post=355101"},{"taxonomy":"product_cat","embeddable":true,"href":"https:\/\/games.tactic.net\/no\/wp-json\/wp\/v2\/product_cat?post=355101"},{"taxonomy":"product_tag","embeddable":true,"href":"https:\/\/games.tactic.net\/no\/wp-json\/wp\/v2\/product_tag?post=355101"},{"taxonomy":"brand","embeddable":true,"href":"https:\/\/games.tactic.net\/no\/wp-json\/wp\/v2\/brand?post=355101"},{"taxonomy":"target-group","embeddable":true,"href":"https:\/\/games.tactic.net\/no\/wp-json\/wp\/v2\/target-group?post=355101"},{"taxonomy":"discontinued","embeddable":true,"href":"https:\/\/games.tactic.net\/no\/wp-json\/wp\/v2\/discontinued?post=355101"}],"curies":[{"name":"wp","href":"https:\/\/api.w.org\/{rel}","templated":true}]}}