{"id":355086,"date":"2022-01-24T15:48:51","date_gmt":"2022-01-24T13:48:51","guid":{"rendered":"https:\/\/games.tactic.net\/tuote\/accessories-lemken-disc-cultivator\/"},"modified":"2023-10-20T15:23:05","modified_gmt":"2023-10-20T12:23:05","slug":"accessories-lemken-disc-cultivator","status":"publish","type":"product","link":"https:\/\/games.tactic.net\/no\/tuote\/accessories-lemken-disc-cultivator\/","title":{"rendered":"Tilbeh\u00f8r: LEMKEN skivekultivator"},"content":{"rendered":"<p>Skivekultivatoren har heve\/senke hydraulikk med l\u00e5sing. Trommelen beveger seg under kj\u00f8ring. LEMKEN Smaragd skivekultivator passer for alle traktorer i TOP Pro- og Profi-serien (ikke inkludert).<\/p>\n","protected":false},"excerpt":{"rendered":"<p>Skive kultivatoren har hevende og senkende hydraulikk med l\u00e5se mekanisme. Trommelen beveger seg n\u00e5r den kj\u00f8rer.<\/p>\n","protected":false},"featured_media":0,"template":"","meta":{"content-type":"","_monsterinsights_skip_tracking":false,"_monsterinsights_sitenote_active":false,"_monsterinsights_sitenote_note":"","_monsterinsights_sitenote_category":0},"product_brand":[],"product_cat":[1705],"product_tag":[],"brand":[],"target-group":[],"discontinued":[],"class_list":{"0":"post-355086","1":"product","2":"type-product","3":"status-publish","5":"product_cat-bruder-leker","7":"first","8":"outofstock","9":"taxable","10":"shipping-taxable","11":"product-type-simple"},"aioseo_notices":[],"_links":{"self":[{"href":"https:\/\/games.tactic.net\/no\/wp-json\/wp\/v2\/product\/355086","targetHints":{"allow":["GET"]}}],"collection":[{"href":"https:\/\/games.tactic.net\/no\/wp-json\/wp\/v2\/product"}],"about":[{"href":"https:\/\/games.tactic.net\/no\/wp-json\/wp\/v2\/types\/product"}],"wp:attachment":[{"href":"https:\/\/games.tactic.net\/no\/wp-json\/wp\/v2\/media?parent=355086"}],"wp:term":[{"taxonomy":"product_brand","embeddable":true,"href":"https:\/\/games.tactic.net\/no\/wp-json\/wp\/v2\/product_brand?post=355086"},{"taxonomy":"product_cat","embeddable":true,"href":"https:\/\/games.tactic.net\/no\/wp-json\/wp\/v2\/product_cat?post=355086"},{"taxonomy":"product_tag","embeddable":true,"href":"https:\/\/games.tactic.net\/no\/wp-json\/wp\/v2\/product_tag?post=355086"},{"taxonomy":"brand","embeddable":true,"href":"https:\/\/games.tactic.net\/no\/wp-json\/wp\/v2\/brand?post=355086"},{"taxonomy":"target-group","embeddable":true,"href":"https:\/\/games.tactic.net\/no\/wp-json\/wp\/v2\/target-group?post=355086"},{"taxonomy":"discontinued","embeddable":true,"href":"https:\/\/games.tactic.net\/no\/wp-json\/wp\/v2\/discontinued?post=355086"}],"curies":[{"name":"wp","href":"https:\/\/api.w.org\/{rel}","templated":true}]}}