{"id":355071,"date":"2022-01-24T15:48:43","date_gmt":"2022-01-24T13:48:43","guid":{"rendered":"https:\/\/games.tactic.net\/tuote\/access-claas-front-disc-mower-disco-3050-fc-plus\/"},"modified":"2023-10-20T15:22:14","modified_gmt":"2023-10-20T12:22:14","slug":"access-claas-front-disc-mower-disco-3050-fc-plus","status":"publish","type":"product","link":"https:\/\/games.tactic.net\/no\/tuote\/access-claas-front-disc-mower-disco-3050-fc-plus\/","title":{"rendered":"Tilbeh\u00f8r: Claas frontskiveklipper Disco 3050 FC Plus"},"content":{"rendered":"<p>B\u00f8nder som fokuserer p\u00e5 \u00e5 holde husdyr trenger robuste verkt\u00f8y som leverer maksimal kapasitet daglig for \u00e5 h\u00f8ste dyref\u00f4r. CLAAS er blant de globalt ledende systemleverand\u00f8rene innen innh\u00f8sting av dyref\u00f4r, produktene deres overvinner de hardeste kravene p\u00e5 en p\u00e5litelig m\u00e5te og er i kontinuerlig bruk p\u00e5 grunn av deres kvalitet &#8211; egenskaper som sm\u00e5 b\u00f8nder oppdager med leket\u00f8yskj\u00f8ret\u00f8yene fra BRUDER.<\/p>\n","protected":false},"excerpt":{"rendered":"<p>Klipperen har fj\u00e6rende st\u00f8tdempning for \u00e5 jevn klipping p\u00e5 ujevn mark. Frontklipperen kan l\u00f8ftes og senkes.<\/p>\n","protected":false},"featured_media":0,"template":"","meta":{"content-type":"","_monsterinsights_skip_tracking":false,"_monsterinsights_sitenote_active":false,"_monsterinsights_sitenote_note":"","_monsterinsights_sitenote_category":0},"product_brand":[],"product_cat":[1705],"product_tag":[],"brand":[],"target-group":[],"discontinued":[],"class_list":{"0":"post-355071","1":"product","2":"type-product","3":"status-publish","5":"product_cat-bruder-leker","7":"first","8":"instock","9":"taxable","10":"shipping-taxable","11":"product-type-simple"},"aioseo_notices":[],"_links":{"self":[{"href":"https:\/\/games.tactic.net\/no\/wp-json\/wp\/v2\/product\/355071","targetHints":{"allow":["GET"]}}],"collection":[{"href":"https:\/\/games.tactic.net\/no\/wp-json\/wp\/v2\/product"}],"about":[{"href":"https:\/\/games.tactic.net\/no\/wp-json\/wp\/v2\/types\/product"}],"wp:attachment":[{"href":"https:\/\/games.tactic.net\/no\/wp-json\/wp\/v2\/media?parent=355071"}],"wp:term":[{"taxonomy":"product_brand","embeddable":true,"href":"https:\/\/games.tactic.net\/no\/wp-json\/wp\/v2\/product_brand?post=355071"},{"taxonomy":"product_cat","embeddable":true,"href":"https:\/\/games.tactic.net\/no\/wp-json\/wp\/v2\/product_cat?post=355071"},{"taxonomy":"product_tag","embeddable":true,"href":"https:\/\/games.tactic.net\/no\/wp-json\/wp\/v2\/product_tag?post=355071"},{"taxonomy":"brand","embeddable":true,"href":"https:\/\/games.tactic.net\/no\/wp-json\/wp\/v2\/brand?post=355071"},{"taxonomy":"target-group","embeddable":true,"href":"https:\/\/games.tactic.net\/no\/wp-json\/wp\/v2\/target-group?post=355071"},{"taxonomy":"discontinued","embeddable":true,"href":"https:\/\/games.tactic.net\/no\/wp-json\/wp\/v2\/discontinued?post=355071"}],"curies":[{"name":"wp","href":"https:\/\/api.w.org\/{rel}","templated":true}]}}