{"id":355041,"date":"2022-01-24T15:48:24","date_gmt":"2022-01-24T13:48:24","guid":{"rendered":"https:\/\/games.tactic.net\/tuote\/forestry-trailer-with-loading-crane-4-trunks-and-grab\/"},"modified":"2023-10-20T15:53:14","modified_gmt":"2023-10-20T12:53:14","slug":"forestry-trailer-with-loading-crane-4-trunks-and-grab","status":"publish","type":"product","link":"https:\/\/games.tactic.net\/no\/tuote\/forestry-trailer-with-loading-crane-4-trunks-and-grab\/","title":{"rendered":"Skogshenger med lastekran, 4 stammer og grabb"},"content":{"rendered":"<p>BRUDER-skogbruksutvalget har vokst. Spedit\u00f8ren kompletterer de spesielle skogstraktorene og mange andre gjenstander. Denne funksjonelle tilhengeren med kobling, fire justerbare stendere og fire vedstammer er klar til \u00e5 lekes med. Den er sv\u00e6rt funksjonell og detaljene er veldig realistiske. P\u00e5 grunn av den allterreng oscillerende akselen gj\u00f8r tilhengeren lett arbeid av vanskelig terreng. Modellen har en roterende og svingbar lastekran, noe som betyr at t\u00f8mmerstokkene ikke bare transporteres, men ogs\u00e5 lastes og losses. Ytterligere elementer kan festes takket v\u00e6re standard kopling bak. Myke dekk fullf\u00f8rer bildet.<\/p>\n","protected":false},"excerpt":{"rendered":"<p>Denne funksjonelle vognen med feste, fire justerbare staker og fire t\u00f8mmerstokker er klar for lek! P\u00e5 grunn av sin terreng aksel er vognen enkel \u00e5 bruke i vanskelig terreng. Modellen har en roterende l\u00f8ftekran, noe som gj\u00f8r at den lille skogsarbeideren ikke bare transporterer t\u00f8mmeret men ogs\u00e5 kan laste og losse det.<\/p>\n","protected":false},"featured_media":0,"template":"","meta":{"content-type":"","_monsterinsights_skip_tracking":false,"_monsterinsights_sitenote_active":false,"_monsterinsights_sitenote_note":"","_monsterinsights_sitenote_category":0},"product_brand":[],"product_cat":[1705],"product_tag":[],"brand":[],"target-group":[],"discontinued":[],"class_list":{"0":"post-355041","1":"product","2":"type-product","3":"status-publish","5":"product_cat-bruder-leker","7":"first","8":"instock","9":"taxable","10":"shipping-taxable","11":"product-type-simple"},"aioseo_notices":[],"_links":{"self":[{"href":"https:\/\/games.tactic.net\/no\/wp-json\/wp\/v2\/product\/355041","targetHints":{"allow":["GET"]}}],"collection":[{"href":"https:\/\/games.tactic.net\/no\/wp-json\/wp\/v2\/product"}],"about":[{"href":"https:\/\/games.tactic.net\/no\/wp-json\/wp\/v2\/types\/product"}],"wp:attachment":[{"href":"https:\/\/games.tactic.net\/no\/wp-json\/wp\/v2\/media?parent=355041"}],"wp:term":[{"taxonomy":"product_brand","embeddable":true,"href":"https:\/\/games.tactic.net\/no\/wp-json\/wp\/v2\/product_brand?post=355041"},{"taxonomy":"product_cat","embeddable":true,"href":"https:\/\/games.tactic.net\/no\/wp-json\/wp\/v2\/product_cat?post=355041"},{"taxonomy":"product_tag","embeddable":true,"href":"https:\/\/games.tactic.net\/no\/wp-json\/wp\/v2\/product_tag?post=355041"},{"taxonomy":"brand","embeddable":true,"href":"https:\/\/games.tactic.net\/no\/wp-json\/wp\/v2\/brand?post=355041"},{"taxonomy":"target-group","embeddable":true,"href":"https:\/\/games.tactic.net\/no\/wp-json\/wp\/v2\/target-group?post=355041"},{"taxonomy":"discontinued","embeddable":true,"href":"https:\/\/games.tactic.net\/no\/wp-json\/wp\/v2\/discontinued?post=355041"}],"curies":[{"name":"wp","href":"https:\/\/api.w.org\/{rel}","templated":true}]}}