{"id":355012,"date":"2022-01-24T15:48:13","date_gmt":"2022-01-24T13:48:13","guid":{"rendered":"https:\/\/games.tactic.net\/tuote\/lemken-semi-mounted-reversible-plough-vari-titan\/"},"modified":"2023-10-20T16:12:05","modified_gmt":"2023-10-20T13:12:05","slug":"lemken-semi-mounted-reversible-plough-vari-titan","status":"publish","type":"product","link":"https:\/\/games.tactic.net\/no\/tuote\/lemken-semi-mounted-reversible-plough-vari-titan\/","title":{"rendered":"LEMKEN vendeplog Vari-Titan"},"content":{"rendered":"<p>Som modellbeskrivelsen i originalen antyder, gjelder denne typen plog en virkelig imponerende design for behandling av jord i jordbruket. Roterende gir som kan svinges 180 grader gj\u00f8r plogen sv\u00e6rt smidig til tross for dens betydelige st\u00f8rrelse og kan ogs\u00e5 brukes i kupert og ulendt terreng uten problemer. De store svinghjulene minimerer jordtrykket ved br\u00f8yting og sikrer sikker transport p\u00e5 veier. Den imponerende BRUDER-modellen er utviklet p\u00e5 samme m\u00e5te som den originale Vari-Titan-serien og passer utmerket inn i den nye generasjonen Pro-traktorer. Plogen kan selvsagt trekkes av alle traktorer i BRUDER Unimogs- og Profi-serien.<\/p>\n","protected":false},"excerpt":{"rendered":"<p>Det roterende giret som kan vendes 180\u00b0 gj\u00f8r denne plogen veldig bevegelig og brukbar i bakker og vanskelig terreng. De store hjulene minimerer mark trykket n\u00e5r plogen er i bruk, samt sikker transport p\u00e5 veien.<\/p>\n","protected":false},"featured_media":0,"template":"","meta":{"content-type":"","_monsterinsights_skip_tracking":false,"_monsterinsights_sitenote_active":false,"_monsterinsights_sitenote_note":"","_monsterinsights_sitenote_category":0},"product_brand":[],"product_cat":[1705],"product_tag":[],"brand":[],"target-group":[],"discontinued":[],"class_list":{"0":"post-355012","1":"product","2":"type-product","3":"status-publish","5":"product_cat-bruder-leker","7":"first","8":"instock","9":"taxable","10":"shipping-taxable","11":"product-type-simple"},"aioseo_notices":[],"_links":{"self":[{"href":"https:\/\/games.tactic.net\/no\/wp-json\/wp\/v2\/product\/355012","targetHints":{"allow":["GET"]}}],"collection":[{"href":"https:\/\/games.tactic.net\/no\/wp-json\/wp\/v2\/product"}],"about":[{"href":"https:\/\/games.tactic.net\/no\/wp-json\/wp\/v2\/types\/product"}],"wp:attachment":[{"href":"https:\/\/games.tactic.net\/no\/wp-json\/wp\/v2\/media?parent=355012"}],"wp:term":[{"taxonomy":"product_brand","embeddable":true,"href":"https:\/\/games.tactic.net\/no\/wp-json\/wp\/v2\/product_brand?post=355012"},{"taxonomy":"product_cat","embeddable":true,"href":"https:\/\/games.tactic.net\/no\/wp-json\/wp\/v2\/product_cat?post=355012"},{"taxonomy":"product_tag","embeddable":true,"href":"https:\/\/games.tactic.net\/no\/wp-json\/wp\/v2\/product_tag?post=355012"},{"taxonomy":"brand","embeddable":true,"href":"https:\/\/games.tactic.net\/no\/wp-json\/wp\/v2\/brand?post=355012"},{"taxonomy":"target-group","embeddable":true,"href":"https:\/\/games.tactic.net\/no\/wp-json\/wp\/v2\/target-group?post=355012"},{"taxonomy":"discontinued","embeddable":true,"href":"https:\/\/games.tactic.net\/no\/wp-json\/wp\/v2\/discontinued?post=355012"}],"curies":[{"name":"wp","href":"https:\/\/api.w.org\/{rel}","templated":true}]}}