{"id":354955,"date":"2022-01-24T15:48:02","date_gmt":"2022-01-24T13:48:02","guid":{"rendered":"https:\/\/games.tactic.net\/tuote\/krampe-tandem-halfpipe-tipping-trailer\/"},"modified":"2023-10-20T16:08:17","modified_gmt":"2023-10-20T13:08:17","slug":"krampe-tandem-halfpipe-tipping-trailer","status":"publish","type":"product","link":"https:\/\/games.tactic.net\/no\/tuote\/krampe-tandem-halfpipe-tipping-trailer\/","title":{"rendered":"Krampe Tandem-Halfpipe tipphenger"},"content":{"rendered":"<p>Halfpipe tipphengere blir stadig mer popul\u00e6re for applikasjoner som krever effektive jordbevegelser. En traktor-tilhengerenhet som best\u00e5r av en kraftig traktor og en halvpipe-tandemakselhenger blir n\u00e5 ofte prioritert fremfor en lastebil, spesielt n\u00e5r grunnen er myr og vanskelig. Imidlertid vil du ogs\u00e5 ofte m\u00f8te denne typen tilhengere i landbruket i dag. BRUDER-modellen utmerker seg ved sin detaljerte design og bringer den samme kraftige jordflyttingskapasiteten til sandkassen som originalen tilbyr i det virkelige liv. Takket v\u00e6re dens robuste konstruksjon og design som holder det lastede godset perfekt sentrert, forblir kj\u00f8ret\u00f8yets tyngdepunkt i midten og garanterer et niv\u00e5 av kj\u00f8restabilitet som ikke kan oppn\u00e5s med kasseformede karosserier. Siden tippesylinderen er plassert i midten foran kummen, drar originalen fordel av en eksepsjonell kraftoverf\u00f8ring inn i kummen under tippeprosessen. Med en visuell appell som er uten sidestykke, drar modellen nytte av dette arrangementet s\u00e5 vel som dens flertrinns skralle, som gj\u00f8r lek med denne modellen til en enda mer engasjerende opplevelse. Krampe halfpipe tandemakseltipphenger er nok et h\u00f8ydepunkt i v\u00e5r serie med tilhengere.<\/p>\n","protected":false},"excerpt":{"rendered":"<p>Takk til den kraftige konstruksjonen og designet holdes lasten i midten, vognen garanterer en jevn kj\u00f8ring som ingen boks henger kan oppn\u00e5. Den trinnvise baklemmen gj\u00f8r lek med denne modellen enda mer l\u00e6rerik.<\/p>\n","protected":false},"featured_media":0,"template":"","meta":{"content-type":"","_monsterinsights_skip_tracking":false,"_monsterinsights_sitenote_active":false,"_monsterinsights_sitenote_note":"","_monsterinsights_sitenote_category":0},"product_brand":[],"product_cat":[1705],"product_tag":[],"brand":[],"target-group":[],"discontinued":[],"class_list":{"0":"post-354955","1":"product","2":"type-product","3":"status-publish","5":"product_cat-bruder-leker","7":"first","8":"instock","9":"taxable","10":"shipping-taxable","11":"product-type-simple"},"aioseo_notices":[],"_links":{"self":[{"href":"https:\/\/games.tactic.net\/no\/wp-json\/wp\/v2\/product\/354955","targetHints":{"allow":["GET"]}}],"collection":[{"href":"https:\/\/games.tactic.net\/no\/wp-json\/wp\/v2\/product"}],"about":[{"href":"https:\/\/games.tactic.net\/no\/wp-json\/wp\/v2\/types\/product"}],"wp:attachment":[{"href":"https:\/\/games.tactic.net\/no\/wp-json\/wp\/v2\/media?parent=354955"}],"wp:term":[{"taxonomy":"product_brand","embeddable":true,"href":"https:\/\/games.tactic.net\/no\/wp-json\/wp\/v2\/product_brand?post=354955"},{"taxonomy":"product_cat","embeddable":true,"href":"https:\/\/games.tactic.net\/no\/wp-json\/wp\/v2\/product_cat?post=354955"},{"taxonomy":"product_tag","embeddable":true,"href":"https:\/\/games.tactic.net\/no\/wp-json\/wp\/v2\/product_tag?post=354955"},{"taxonomy":"brand","embeddable":true,"href":"https:\/\/games.tactic.net\/no\/wp-json\/wp\/v2\/brand?post=354955"},{"taxonomy":"target-group","embeddable":true,"href":"https:\/\/games.tactic.net\/no\/wp-json\/wp\/v2\/target-group?post=354955"},{"taxonomy":"discontinued","embeddable":true,"href":"https:\/\/games.tactic.net\/no\/wp-json\/wp\/v2\/discontinued?post=354955"}],"curies":[{"name":"wp","href":"https:\/\/api.w.org\/{rel}","templated":true}]}}