{"id":354926,"date":"2022-01-24T15:47:53","date_gmt":"2022-01-24T13:47:53","guid":{"rendered":"https:\/\/games.tactic.net\/tuote\/krone-trailed-rotary-tedder-with-running-gear-kwt-8-82\/"},"modified":"2023-10-20T16:09:36","modified_gmt":"2023-10-20T13:09:36","slug":"krone-trailed-rotary-tedder-with-running-gear-kwt-8-82","status":"publish","type":"product","link":"https:\/\/games.tactic.net\/no\/tuote\/krone-trailed-rotary-tedder-with-running-gear-kwt-8-82\/","title":{"rendered":"Krone roterende h\u00f8yvender med understell KWT 8,82"},"content":{"rendered":"<p>\u00c5 jobbe p\u00e5 en mest mulig effektiv m\u00e5te blir viktigere p\u00e5 alle omr\u00e5der av landbruket. Krone tilhenger roterende h\u00f8yvender med understell KWT 8.82 setter den nye standarden n\u00e5r det gjelder grasmarksdyrking. Takket v\u00e6re den spesialutviklede bjelkedesignen kan den ogs\u00e5 kombineres med sm\u00e5 traktorer og brukes til \u00e5 dyrke arbeidsbredder som er spesielt brede. BRUDERs modell av denne h\u00f8yvenderen er modellert etter originalen ned til de minste detaljer og kan kombineres med alle traktorer i Profi-serien. Akkurat som i originalen kan bjelken som holder redskapene sl\u00e5s sammen flere steder, og veivognen som sl\u00e5s sammen under arbeid i \u00e5keren kan svinges ned. Dette sikrer rask og sikker transport p\u00e5 veien fra arbeidsstedet til g\u00e5rden og omvendt. Modellen skiller seg ut ved sine individuelt drevne redskaper som motroterer i par, akkurat som originalen. De motroterende redskapstindene (roterende med og mot klokken) er malt i forskjellige farger av Krone. Tro mot mottoet v\u00e5rt &laquo;Just like the real thing&raquo;, har vi beholdt denne fargekoden i modellen.<\/p>\n","protected":false},"excerpt":{"rendered":"<p>Denne h\u00f8yvenderen har en vektstang som holder de forskjellige delene p\u00e5 plass, den kan ogs\u00e5 foldes p\u00e5 flere plasser. Hjulene for vei transport, som vender opp under bruk p\u00e5 \u00e5keren, kan vendes ned. Venderne p\u00e5 modellen roterer mot hverandre i par akkurat som p\u00e5 originalen.<\/p>\n","protected":false},"featured_media":0,"template":"","meta":{"content-type":"","_monsterinsights_skip_tracking":false,"_monsterinsights_sitenote_active":false,"_monsterinsights_sitenote_note":"","_monsterinsights_sitenote_category":0},"product_brand":[],"product_cat":[1705],"product_tag":[],"brand":[],"target-group":[],"discontinued":[],"class_list":{"0":"post-354926","1":"product","2":"type-product","3":"status-publish","5":"product_cat-bruder-leker","7":"first","8":"instock","9":"taxable","10":"shipping-taxable","11":"product-type-simple"},"aioseo_notices":[],"_links":{"self":[{"href":"https:\/\/games.tactic.net\/no\/wp-json\/wp\/v2\/product\/354926","targetHints":{"allow":["GET"]}}],"collection":[{"href":"https:\/\/games.tactic.net\/no\/wp-json\/wp\/v2\/product"}],"about":[{"href":"https:\/\/games.tactic.net\/no\/wp-json\/wp\/v2\/types\/product"}],"wp:attachment":[{"href":"https:\/\/games.tactic.net\/no\/wp-json\/wp\/v2\/media?parent=354926"}],"wp:term":[{"taxonomy":"product_brand","embeddable":true,"href":"https:\/\/games.tactic.net\/no\/wp-json\/wp\/v2\/product_brand?post=354926"},{"taxonomy":"product_cat","embeddable":true,"href":"https:\/\/games.tactic.net\/no\/wp-json\/wp\/v2\/product_cat?post=354926"},{"taxonomy":"product_tag","embeddable":true,"href":"https:\/\/games.tactic.net\/no\/wp-json\/wp\/v2\/product_tag?post=354926"},{"taxonomy":"brand","embeddable":true,"href":"https:\/\/games.tactic.net\/no\/wp-json\/wp\/v2\/brand?post=354926"},{"taxonomy":"target-group","embeddable":true,"href":"https:\/\/games.tactic.net\/no\/wp-json\/wp\/v2\/target-group?post=354926"},{"taxonomy":"discontinued","embeddable":true,"href":"https:\/\/games.tactic.net\/no\/wp-json\/wp\/v2\/discontinued?post=354926"}],"curies":[{"name":"wp","href":"https:\/\/api.w.org\/{rel}","templated":true}]}}