{"id":354897,"date":"2022-01-24T15:47:43","date_gmt":"2022-01-24T13:47:43","guid":{"rendered":"https:\/\/games.tactic.net\/tuote\/lemken-front-furrow-press-variopack-k\/"},"modified":"2023-10-20T16:11:34","modified_gmt":"2023-10-20T13:11:34","slug":"lemken-front-furrow-press-variopack-k","status":"publish","type":"product","link":"https:\/\/games.tactic.net\/no\/tuote\/lemken-front-furrow-press-variopack-k\/","title":{"rendered":"LEMKEN Frontpakker VarioPack K"},"content":{"rendered":"<p>Det er like mange prosedyrer i moderne landbruksjordbehandling som det er forskjellige typer jord. Behandlingsprosedyrene inkluderer pl\u00f8ying, klargj\u00f8ring av s\u00e5bed og s\u00e5ing. Klargj\u00f8ring av s\u00e5bed kan ogs\u00e5 utf\u00f8res ved bruk av frontpakkere. Denne typen utstyr jevner ut jorda grovt og forbereder den for s\u00e5ing. LEMKEN regnes som en spesialist p\u00e5 produksjon av jordbearbeidingsmaskiner og har et produktspekter som ogs\u00e5 inkluderer frontpakkere. Modellen til denne maskinen utviklet av BRUDER er modellert etter den originale VarioPack K. Denne modellen kan festes foran eller bak p\u00e5 BRUDERs traktorer. Pakkeenhetene heves for veitransport og svinges 90\u00b0 til vertikal posisjon. Kombinert med LEMKEN Solitair 9, tilbyr frontpakkeren ulike lekemuligheter for v\u00e5re sm\u00e5 b\u00f8nder. Frontpakkeren VarioPack K kan festes foran p\u00e5 en BRUDER-traktor, mens LEMKEN Solitair 9 s\u00e5maskin kan hektes p\u00e5 baksiden av samme traktor.<\/p>\n","protected":false},"excerpt":{"rendered":"<p>Denne typen av redskap harver jorden og gj\u00f8r den klar til s\u00e5ing. Denne modellen kan festes ente framme eller bak p\u00e5 alle BRUDER traktorer. Den kan l\u00f8ftes for kj\u00f8ring p\u00e5 vei og vendes til en 90\u00b0 vertikal posisjon.<\/p>\n","protected":false},"featured_media":0,"template":"","meta":{"content-type":"","_monsterinsights_skip_tracking":false,"_monsterinsights_sitenote_active":false,"_monsterinsights_sitenote_note":"","_monsterinsights_sitenote_category":0},"product_brand":[],"product_cat":[1705],"product_tag":[],"brand":[],"target-group":[],"discontinued":[],"class_list":{"0":"post-354897","1":"product","2":"type-product","3":"status-publish","5":"product_cat-bruder-leker","7":"first","8":"instock","9":"taxable","10":"shipping-taxable","11":"product-type-simple"},"aioseo_notices":[],"_links":{"self":[{"href":"https:\/\/games.tactic.net\/no\/wp-json\/wp\/v2\/product\/354897","targetHints":{"allow":["GET"]}}],"collection":[{"href":"https:\/\/games.tactic.net\/no\/wp-json\/wp\/v2\/product"}],"about":[{"href":"https:\/\/games.tactic.net\/no\/wp-json\/wp\/v2\/types\/product"}],"wp:attachment":[{"href":"https:\/\/games.tactic.net\/no\/wp-json\/wp\/v2\/media?parent=354897"}],"wp:term":[{"taxonomy":"product_brand","embeddable":true,"href":"https:\/\/games.tactic.net\/no\/wp-json\/wp\/v2\/product_brand?post=354897"},{"taxonomy":"product_cat","embeddable":true,"href":"https:\/\/games.tactic.net\/no\/wp-json\/wp\/v2\/product_cat?post=354897"},{"taxonomy":"product_tag","embeddable":true,"href":"https:\/\/games.tactic.net\/no\/wp-json\/wp\/v2\/product_tag?post=354897"},{"taxonomy":"brand","embeddable":true,"href":"https:\/\/games.tactic.net\/no\/wp-json\/wp\/v2\/brand?post=354897"},{"taxonomy":"target-group","embeddable":true,"href":"https:\/\/games.tactic.net\/no\/wp-json\/wp\/v2\/target-group?post=354897"},{"taxonomy":"discontinued","embeddable":true,"href":"https:\/\/games.tactic.net\/no\/wp-json\/wp\/v2\/discontinued?post=354897"}],"curies":[{"name":"wp","href":"https:\/\/api.w.org\/{rel}","templated":true}]}}