{"id":354868,"date":"2022-01-24T15:47:33","date_gmt":"2022-01-24T13:47:33","guid":{"rendered":"https:\/\/games.tactic.net\/tuote\/bale-transport-trailer-with-8-round-bales\/"},"modified":"2023-10-20T15:27:06","modified_gmt":"2023-10-20T12:27:06","slug":"bale-transport-trailer-with-8-round-bales","status":"publish","type":"product","link":"https:\/\/games.tactic.net\/no\/tuote\/bale-transport-trailer-with-8-round-bales\/","title":{"rendered":"Balletransporthenger med 8 rundballer"},"content":{"rendered":"<p>B\u00f8ndene m\u00e5 frakte de runde halmballene man kan se p\u00e5 jordene om h\u00f8sten til sine staller og fj\u00f8s p\u00e5 en effektiv m\u00e5te. Kj\u00f8ret\u00f8yet de vanligvis bruker til denne typen transport er en spesialhenger, som n\u00e5 er inkludert i v\u00e5rt produktsortiment. Modellen v\u00e5r utmerker seg ved sine nedfellbare stolper og leveres med 8 rundballer. For \u00e5 laste hengerne kan du bruke alle v\u00e5re traktorer som er utstyrt med frontlaster og gaffelfeste. En annen fin m\u00e5te \u00e5 legge til dette settet p\u00e5 er \u00e5 koble til v\u00e5r rundballepresse eller firkantballepresse eller v\u00e5r rundballeopptrekker.<\/p>\n","protected":false},"excerpt":{"rendered":"<p>Transporter h\u00f8yballene med denne spesial hengeren. Den kommer med 8 rundballer. For \u00e5 laste denne hengeren kan du bruke alle v\u00e5re traktorer som har en frontlaster med gaffel.<\/p>\n","protected":false},"featured_media":0,"template":"","meta":{"content-type":"","_monsterinsights_skip_tracking":false,"_monsterinsights_sitenote_active":false,"_monsterinsights_sitenote_note":"","_monsterinsights_sitenote_category":0},"product_brand":[],"product_cat":[1705],"product_tag":[],"brand":[],"target-group":[],"discontinued":[],"class_list":{"0":"post-354868","1":"product","2":"type-product","3":"status-publish","5":"product_cat-bruder-leker","7":"first","8":"instock","9":"taxable","10":"shipping-taxable","11":"product-type-simple"},"aioseo_notices":[],"_links":{"self":[{"href":"https:\/\/games.tactic.net\/no\/wp-json\/wp\/v2\/product\/354868","targetHints":{"allow":["GET"]}}],"collection":[{"href":"https:\/\/games.tactic.net\/no\/wp-json\/wp\/v2\/product"}],"about":[{"href":"https:\/\/games.tactic.net\/no\/wp-json\/wp\/v2\/types\/product"}],"wp:attachment":[{"href":"https:\/\/games.tactic.net\/no\/wp-json\/wp\/v2\/media?parent=354868"}],"wp:term":[{"taxonomy":"product_brand","embeddable":true,"href":"https:\/\/games.tactic.net\/no\/wp-json\/wp\/v2\/product_brand?post=354868"},{"taxonomy":"product_cat","embeddable":true,"href":"https:\/\/games.tactic.net\/no\/wp-json\/wp\/v2\/product_cat?post=354868"},{"taxonomy":"product_tag","embeddable":true,"href":"https:\/\/games.tactic.net\/no\/wp-json\/wp\/v2\/product_tag?post=354868"},{"taxonomy":"brand","embeddable":true,"href":"https:\/\/games.tactic.net\/no\/wp-json\/wp\/v2\/brand?post=354868"},{"taxonomy":"target-group","embeddable":true,"href":"https:\/\/games.tactic.net\/no\/wp-json\/wp\/v2\/target-group?post=354868"},{"taxonomy":"discontinued","embeddable":true,"href":"https:\/\/games.tactic.net\/no\/wp-json\/wp\/v2\/discontinued?post=354868"}],"curies":[{"name":"wp","href":"https:\/\/api.w.org\/{rel}","templated":true}]}}