{"id":354839,"date":"2022-01-24T15:47:23","date_gmt":"2022-01-24T13:47:23","guid":{"rendered":"https:\/\/games.tactic.net\/tuote\/claas-disc-mower-disco-8550-c-plus\/"},"modified":"2023-10-20T15:41:00","modified_gmt":"2023-10-20T12:41:00","slug":"claas-disc-mower-disco-8550-c-plus","status":"publish","type":"product","link":"https:\/\/games.tactic.net\/no\/tuote\/claas-disc-mower-disco-8550-c-plus\/","title":{"rendered":"Claas skiveklipper Disco 8550 C Plus"},"content":{"rendered":"<p>B\u00f8nder som fokuserer p\u00e5 \u00e5 holde husdyr trenger robuste verkt\u00f8y som leverer maksimal kapasitet daglig for \u00e5 h\u00f8ste dyref\u00f4r. CLAAS er blant de globalt ledende systemleverand\u00f8rene innen innh\u00f8sting av dyref\u00f4r, siden deres produkter p\u00e5 en p\u00e5litelig m\u00e5te overvinner de hardeste kravene og lykkes i kontinuerlig bruk p\u00e5 grunn av deres kvalitet &#8211; egenskaper som sm\u00e5 b\u00f8nder oppdager i produktene fra BRUDER. Hva er vel mer opplagt enn \u00e5 oversette en imponerende storklipper av denne typen til en like imponerende modell som overbeviser med sine realistiske funksjoner og oppmerksomhet p\u00e5 detaljer. Dette er grunnen til at alle 3 klipperne har oscillerende oppheng for \u00e5 kompensere for ujevnt underlag. Klipperen har roterende balsamer. Treveisklipperen kan deles for front- og sidebruk p\u00e5 traktoren med festet slik at sideklipperne kan foldes opp for transport. Bruken p\u00e5 Claas Jaguar er helt frontal ved hjelp av en medf\u00f8lgende adapter; klipperne kan svinges forover og heves for transport p\u00e5 veien. Med disse landbruksredskapene demonstrerer BRUDER nok en gang den tekniske oppfinnsomheten til produktene sine som fengsler sm\u00e5 b\u00f8nder med funksjonaliteten til leket\u00f8yets ekte motstykke.<\/p>\n","protected":false},"excerpt":{"rendered":"<p>Alle 3 klipperne til denne h\u00f8steren har fjeringer for \u00e5 kompensere for ujevn mark. Klipperne har roterende st\u00f8tdempere. Treveis klipperen kan splittes for fram eller sidebruk p\u00e5 traktoren. Klipperne kan ogs\u00e5 vippes opp for transport.<\/p>\n","protected":false},"featured_media":0,"template":"","meta":{"content-type":"","_monsterinsights_skip_tracking":false,"_monsterinsights_sitenote_active":false,"_monsterinsights_sitenote_note":"","_monsterinsights_sitenote_category":0},"product_brand":[],"product_cat":[1705],"product_tag":[],"brand":[],"target-group":[],"discontinued":[],"class_list":{"0":"post-354839","1":"product","2":"type-product","3":"status-publish","5":"product_cat-bruder-leker","7":"first","8":"instock","9":"taxable","10":"shipping-taxable","11":"product-type-simple"},"aioseo_notices":[],"_links":{"self":[{"href":"https:\/\/games.tactic.net\/no\/wp-json\/wp\/v2\/product\/354839","targetHints":{"allow":["GET"]}}],"collection":[{"href":"https:\/\/games.tactic.net\/no\/wp-json\/wp\/v2\/product"}],"about":[{"href":"https:\/\/games.tactic.net\/no\/wp-json\/wp\/v2\/types\/product"}],"wp:attachment":[{"href":"https:\/\/games.tactic.net\/no\/wp-json\/wp\/v2\/media?parent=354839"}],"wp:term":[{"taxonomy":"product_brand","embeddable":true,"href":"https:\/\/games.tactic.net\/no\/wp-json\/wp\/v2\/product_brand?post=354839"},{"taxonomy":"product_cat","embeddable":true,"href":"https:\/\/games.tactic.net\/no\/wp-json\/wp\/v2\/product_cat?post=354839"},{"taxonomy":"product_tag","embeddable":true,"href":"https:\/\/games.tactic.net\/no\/wp-json\/wp\/v2\/product_tag?post=354839"},{"taxonomy":"brand","embeddable":true,"href":"https:\/\/games.tactic.net\/no\/wp-json\/wp\/v2\/brand?post=354839"},{"taxonomy":"target-group","embeddable":true,"href":"https:\/\/games.tactic.net\/no\/wp-json\/wp\/v2\/target-group?post=354839"},{"taxonomy":"discontinued","embeddable":true,"href":"https:\/\/games.tactic.net\/no\/wp-json\/wp\/v2\/discontinued?post=354839"}],"curies":[{"name":"wp","href":"https:\/\/api.w.org\/{rel}","templated":true}]}}