{"id":354810,"date":"2022-01-24T15:47:13","date_gmt":"2022-01-24T13:47:13","guid":{"rendered":"https:\/\/games.tactic.net\/tuote\/kuhn-discover-xl-disc-harrow\/"},"modified":"2023-10-20T16:10:03","modified_gmt":"2023-10-20T13:10:03","slug":"kuhn-discover-xl-disc-harrow","status":"publish","type":"product","link":"https:\/\/games.tactic.net\/no\/tuote\/kuhn-discover-xl-disc-harrow\/","title":{"rendered":"Kuhn XL tallerkenharve"},"content":{"rendered":"<p>Kuhns discover XL tallerkenharv egner seg for dyrking av store arealer med traktorer fra 160 HK. Akkurat som originalen har den detaljerte leket\u00f8ysmodellen fire tallerkenharverammer med 54 roterende skiver og to ruller. Med denne naturtro modellen kan tallerkenharvens rammer sl\u00e5s sammen og plasseres for kj\u00f8ring p\u00e5 vei. Sk\u00e5lharven kan heves for kj\u00f8ring p\u00e5 vei. Slitebanedekk fullf\u00f8rer bildet. Den passer for alle traktorer i Profi-serien og MB Unimogs (ikke inkludert).<\/p>\n","protected":false},"excerpt":{"rendered":"<p>Akkurat som orginalen har den detaljerte leke modellen fire rammer med 54 roterende harver og to ruller. Rammene kan l\u00f8ftes og l\u00e5ses for kj\u00f8ring p\u00e5 vei.<\/p>\n","protected":false},"featured_media":0,"template":"","meta":{"content-type":"","_monsterinsights_skip_tracking":false,"_monsterinsights_sitenote_active":false,"_monsterinsights_sitenote_note":"","_monsterinsights_sitenote_category":0},"product_brand":[],"product_cat":[1705],"product_tag":[],"brand":[],"target-group":[],"discontinued":[],"class_list":{"0":"post-354810","1":"product","2":"type-product","3":"status-publish","5":"product_cat-bruder-leker","7":"first","8":"instock","9":"taxable","10":"shipping-taxable","11":"product-type-simple"},"aioseo_notices":[],"_links":{"self":[{"href":"https:\/\/games.tactic.net\/no\/wp-json\/wp\/v2\/product\/354810","targetHints":{"allow":["GET"]}}],"collection":[{"href":"https:\/\/games.tactic.net\/no\/wp-json\/wp\/v2\/product"}],"about":[{"href":"https:\/\/games.tactic.net\/no\/wp-json\/wp\/v2\/types\/product"}],"wp:attachment":[{"href":"https:\/\/games.tactic.net\/no\/wp-json\/wp\/v2\/media?parent=354810"}],"wp:term":[{"taxonomy":"product_brand","embeddable":true,"href":"https:\/\/games.tactic.net\/no\/wp-json\/wp\/v2\/product_brand?post=354810"},{"taxonomy":"product_cat","embeddable":true,"href":"https:\/\/games.tactic.net\/no\/wp-json\/wp\/v2\/product_cat?post=354810"},{"taxonomy":"product_tag","embeddable":true,"href":"https:\/\/games.tactic.net\/no\/wp-json\/wp\/v2\/product_tag?post=354810"},{"taxonomy":"brand","embeddable":true,"href":"https:\/\/games.tactic.net\/no\/wp-json\/wp\/v2\/brand?post=354810"},{"taxonomy":"target-group","embeddable":true,"href":"https:\/\/games.tactic.net\/no\/wp-json\/wp\/v2\/target-group?post=354810"},{"taxonomy":"discontinued","embeddable":true,"href":"https:\/\/games.tactic.net\/no\/wp-json\/wp\/v2\/discontinued?post=354810"}],"curies":[{"name":"wp","href":"https:\/\/api.w.org\/{rel}","templated":true}]}}