{"id":354781,"date":"2022-01-24T15:47:04","date_gmt":"2022-01-24T13:47:04","guid":{"rendered":"https:\/\/games.tactic.net\/tuote\/krone-dual-rotary-swath-windrower\/"},"modified":"2023-10-20T16:09:11","modified_gmt":"2023-10-20T13:09:11","slug":"krone-dual-rotary-swath-windrower","status":"publish","type":"product","link":"https:\/\/games.tactic.net\/no\/tuote\/krone-dual-rotary-swath-windrower\/","title":{"rendered":"Krone dobbelt roterende h\u00f8yrive"},"content":{"rendered":"<p>Utkragingsarmene til Krone h\u00f8yrive kan foldes opp individuelt og tappene roterer under kj\u00f8ring. Et utbrettbart st\u00f8tteben s\u00f8rger for stabilitet. Krone h\u00f8yrive passer til alle traktorer i Profi-serien (ikke inkludert).<\/p>\n","protected":false},"excerpt":{"rendered":"<p>De roterende armene til Krone h\u00f8y og gress rake kan l\u00f8ftes individuelt og snurrer ved bruk. Den nedfellbare st\u00f8ttefoten sikrer stabiliteten.<\/p>\n","protected":false},"featured_media":0,"template":"","meta":{"content-type":"","_monsterinsights_skip_tracking":false,"_monsterinsights_sitenote_active":false,"_monsterinsights_sitenote_note":"","_monsterinsights_sitenote_category":0},"product_brand":[],"product_cat":[1705],"product_tag":[],"brand":[],"target-group":[],"discontinued":[],"class_list":{"0":"post-354781","1":"product","2":"type-product","3":"status-publish","5":"product_cat-bruder-leker","7":"first","8":"instock","9":"taxable","10":"shipping-taxable","11":"product-type-simple"},"aioseo_notices":[],"_links":{"self":[{"href":"https:\/\/games.tactic.net\/no\/wp-json\/wp\/v2\/product\/354781","targetHints":{"allow":["GET"]}}],"collection":[{"href":"https:\/\/games.tactic.net\/no\/wp-json\/wp\/v2\/product"}],"about":[{"href":"https:\/\/games.tactic.net\/no\/wp-json\/wp\/v2\/types\/product"}],"wp:attachment":[{"href":"https:\/\/games.tactic.net\/no\/wp-json\/wp\/v2\/media?parent=354781"}],"wp:term":[{"taxonomy":"product_brand","embeddable":true,"href":"https:\/\/games.tactic.net\/no\/wp-json\/wp\/v2\/product_brand?post=354781"},{"taxonomy":"product_cat","embeddable":true,"href":"https:\/\/games.tactic.net\/no\/wp-json\/wp\/v2\/product_cat?post=354781"},{"taxonomy":"product_tag","embeddable":true,"href":"https:\/\/games.tactic.net\/no\/wp-json\/wp\/v2\/product_tag?post=354781"},{"taxonomy":"brand","embeddable":true,"href":"https:\/\/games.tactic.net\/no\/wp-json\/wp\/v2\/brand?post=354781"},{"taxonomy":"target-group","embeddable":true,"href":"https:\/\/games.tactic.net\/no\/wp-json\/wp\/v2\/target-group?post=354781"},{"taxonomy":"discontinued","embeddable":true,"href":"https:\/\/games.tactic.net\/no\/wp-json\/wp\/v2\/discontinued?post=354781"}],"curies":[{"name":"wp","href":"https:\/\/api.w.org\/{rel}","templated":true}]}}