{"id":354752,"date":"2022-01-24T15:46:55","date_gmt":"2022-01-24T13:46:55","guid":{"rendered":"https:\/\/games.tactic.net\/tuote\/pottinger-jumbo-6600-profiline-forage-trailer\/"},"modified":"2023-10-20T16:53:49","modified_gmt":"2023-10-20T13:53:49","slug":"pottinger-jumbo-6600-profiline-forage-trailer","status":"publish","type":"product","link":"https:\/\/games.tactic.net\/no\/tuote\/pottinger-jumbo-6600-profiline-forage-trailer\/","title":{"rendered":"P\u00f6ttinger Jumbo 6600 Profiline f\u00f4rtilhenger"},"content":{"rendered":"<p>Pick-up valsen til P\u00f6ttinger f\u00f4rtilhenger beveger seg under kj\u00f8ring. Sideluken kan \u00e5pnes, stigen felles ned og takklemmer og tau kan tas av. Utleveringsrullene drives ved \u00e5 betjene sveivh\u00e5ndtaket. Bakluken kan ogs\u00e5 \u00e5pnes. Et st\u00f8tteben s\u00f8rger for stabilitet og slitebanedekk kompletterer bildet. P\u00f6ttinger f\u00f4rtilhenger passer for alle traktorer i Profi-serien (ikke inkludert).<\/p>\n","protected":false},"excerpt":{"rendered":"<p>Inn kasteren til P\u00f6ttinger lessevogn beveger seg under bruk. Du kan \u00e5pne sided\u00f8ren, felle ned stigen og ta av tak deler og tauverk. Rullene flyttes ved \u00e5 bruke sveiven. Baklemmen kan ogs\u00e5 \u00e5pnes.<\/p>\n","protected":false},"featured_media":0,"template":"","meta":{"content-type":"","_monsterinsights_skip_tracking":false,"_monsterinsights_sitenote_active":false,"_monsterinsights_sitenote_note":"","_monsterinsights_sitenote_category":0},"product_brand":[],"product_cat":[1705],"product_tag":[],"brand":[],"target-group":[],"discontinued":[],"class_list":{"0":"post-354752","1":"product","2":"type-product","3":"status-publish","5":"product_cat-bruder-leker","7":"first","8":"instock","9":"taxable","10":"shipping-taxable","11":"product-type-simple"},"aioseo_notices":[],"_links":{"self":[{"href":"https:\/\/games.tactic.net\/no\/wp-json\/wp\/v2\/product\/354752","targetHints":{"allow":["GET"]}}],"collection":[{"href":"https:\/\/games.tactic.net\/no\/wp-json\/wp\/v2\/product"}],"about":[{"href":"https:\/\/games.tactic.net\/no\/wp-json\/wp\/v2\/types\/product"}],"wp:attachment":[{"href":"https:\/\/games.tactic.net\/no\/wp-json\/wp\/v2\/media?parent=354752"}],"wp:term":[{"taxonomy":"product_brand","embeddable":true,"href":"https:\/\/games.tactic.net\/no\/wp-json\/wp\/v2\/product_brand?post=354752"},{"taxonomy":"product_cat","embeddable":true,"href":"https:\/\/games.tactic.net\/no\/wp-json\/wp\/v2\/product_cat?post=354752"},{"taxonomy":"product_tag","embeddable":true,"href":"https:\/\/games.tactic.net\/no\/wp-json\/wp\/v2\/product_tag?post=354752"},{"taxonomy":"brand","embeddable":true,"href":"https:\/\/games.tactic.net\/no\/wp-json\/wp\/v2\/brand?post=354752"},{"taxonomy":"target-group","embeddable":true,"href":"https:\/\/games.tactic.net\/no\/wp-json\/wp\/v2\/target-group?post=354752"},{"taxonomy":"discontinued","embeddable":true,"href":"https:\/\/games.tactic.net\/no\/wp-json\/wp\/v2\/discontinued?post=354752"}],"curies":[{"name":"wp","href":"https:\/\/api.w.org\/{rel}","templated":true}]}}