{"id":354723,"date":"2022-01-24T15:46:45","date_gmt":"2022-01-24T13:46:45","guid":{"rendered":"https:\/\/games.tactic.net\/tuote\/joskin-tipping-trailer\/"},"modified":"2023-10-20T16:07:46","modified_gmt":"2023-10-20T13:07:46","slug":"joskin-tipping-trailer","status":"publish","type":"product","link":"https:\/\/games.tactic.net\/no\/tuote\/joskin-tipping-trailer\/","title":{"rendered":"Joskin tipphenger"},"content":{"rendered":"<p>Den 3-akslede tipphengeren til den belgiske produsenten Joskin er en av de st\u00f8rste og tyngste tipphengerne p\u00e5 markedet. Originalene til disse monstrene er designet for tung last og transport under ekstreme forhold som arbeid under bakken eller landbruk i ulendt terreng, og fanger opp til 24 tonn nyttelast eller opptil 29 kubikkmeters kapasitet. Den imponerende BRUDER-modellen er utviklet p\u00e5 samme m\u00e5te som den originale \u00abTrans-SPACE\u00bb-serien og har en sammenleggbar og l\u00e5sende tippekanne med automatisk bakluke\u00e5pning i henhold til v\u00e5rt motto \u00abJust like the real thing\u00bb. Det 3-akslede chassiset kompenserer for all terrengujevnhet. Denne tipphengeren passer perfekt til den nye generasjonen traktorer i TOP Profi-serien som har v\u00e6rt tilgjengelig siden h\u00f8sten 2004 og allerede har gledet mange kunder. Men selv traktorene i Profi-serien og v\u00e5re Unimogs (med koblingsadapter) egner seg sv\u00e6rt godt som trekkvogner.<\/p>\n","protected":false},"excerpt":{"rendered":"<p>Den tre akslede tippvognen fra den Belgiske fabrikanten Joskin er designet for de riktig tunge lastene under vanskelige forhold. Den imponerende Bruder modellen har en foldende og l\u00e5sende tipping samt at baklemmen \u00e5pnes automatisk.<\/p>\n","protected":false},"featured_media":0,"template":"","meta":{"content-type":"","_monsterinsights_skip_tracking":false,"_monsterinsights_sitenote_active":false,"_monsterinsights_sitenote_note":"","_monsterinsights_sitenote_category":0},"product_brand":[],"product_cat":[1705],"product_tag":[],"brand":[],"target-group":[],"discontinued":[],"class_list":{"0":"post-354723","1":"product","2":"type-product","3":"status-publish","5":"product_cat-bruder-leker","7":"first","8":"instock","9":"taxable","10":"shipping-taxable","11":"product-type-simple"},"aioseo_notices":[],"_links":{"self":[{"href":"https:\/\/games.tactic.net\/no\/wp-json\/wp\/v2\/product\/354723","targetHints":{"allow":["GET"]}}],"collection":[{"href":"https:\/\/games.tactic.net\/no\/wp-json\/wp\/v2\/product"}],"about":[{"href":"https:\/\/games.tactic.net\/no\/wp-json\/wp\/v2\/types\/product"}],"wp:attachment":[{"href":"https:\/\/games.tactic.net\/no\/wp-json\/wp\/v2\/media?parent=354723"}],"wp:term":[{"taxonomy":"product_brand","embeddable":true,"href":"https:\/\/games.tactic.net\/no\/wp-json\/wp\/v2\/product_brand?post=354723"},{"taxonomy":"product_cat","embeddable":true,"href":"https:\/\/games.tactic.net\/no\/wp-json\/wp\/v2\/product_cat?post=354723"},{"taxonomy":"product_tag","embeddable":true,"href":"https:\/\/games.tactic.net\/no\/wp-json\/wp\/v2\/product_tag?post=354723"},{"taxonomy":"brand","embeddable":true,"href":"https:\/\/games.tactic.net\/no\/wp-json\/wp\/v2\/brand?post=354723"},{"taxonomy":"target-group","embeddable":true,"href":"https:\/\/games.tactic.net\/no\/wp-json\/wp\/v2\/target-group?post=354723"},{"taxonomy":"discontinued","embeddable":true,"href":"https:\/\/games.tactic.net\/no\/wp-json\/wp\/v2\/discontinued?post=354723"}],"curies":[{"name":"wp","href":"https:\/\/api.w.org\/{rel}","templated":true}]}}