{"id":354694,"date":"2022-01-24T15:46:35","date_gmt":"2022-01-24T13:46:35","guid":{"rendered":"https:\/\/games.tactic.net\/tuote\/amazone-trailed-field-sprayer-ux5200\/"},"modified":"2023-10-20T15:25:45","modified_gmt":"2023-10-20T12:25:45","slug":"amazone-trailed-field-sprayer-ux5200","status":"publish","type":"product","link":"https:\/\/games.tactic.net\/no\/tuote\/amazone-trailed-field-sprayer-ux5200\/","title":{"rendered":"Amazone trukket feltspr\u00f8yte UX5200"},"content":{"rendered":"<p>Gj\u00f8dsling, s\u00e5ing og plantevern er viktige oppgaver i landbruket. I 125 \u00e5r har Amazone utviklet verkt\u00f8y som er spesielt laget for disse bruksomr\u00e5dene og inkluderer slepespredere som brukes til plantevern. Toppmodellen er avlingsspr\u00f8yten 5200 i UX-serien; med arbeidsbredder p\u00e5 opptil 40 meter, er denne modellen i stand til \u00e5 spr\u00f8yte store omr\u00e5der uten avbrudd takket v\u00e6re sin kapasitet p\u00e5 mer enn 5000 liter. Som den ledende produsenten av landbruksmodeller har BRUDER designet en tilhengerspr\u00f8yte i en skala p\u00e5 1:16 og understreker sin eksepsjonelle markedsposisjon med de mange realistiske egenskapene integrert i denne modellen. Akkurat som sin virkelige motpart, har BRUDER avlingsspr\u00f8yter som sin mest fremtredende egenskap en fullt funksjonell sprederenhet med fyllbar vanntank. Det sofistikerte pumpe- og slangesystemet sprer vannet enkelt over jordene til v\u00e5re sm\u00e5 b\u00f8nder. Takket v\u00e6re st\u00f8ttebensbredden p\u00e5 ca. 1 meter er det ogs\u00e5 mulig \u00e5 jobbe p\u00e5 st\u00f8rre utelekeomr\u00e5der p\u00e5 en effektiv og morsom m\u00e5te. Andre realistiske detaljer inkluderer et nedfellbart st\u00f8tteben, en utfoldelig trappestige og et h\u00f8ydejusterbart st\u00f8tteben som gj\u00f8r leken med denne avlingsspr\u00f8yten enda morsommere og denne leken virkelig unik.<\/p>\n","protected":false},"excerpt":{"rendered":"<p>Akkurat som originalen har denne tilhengerspr\u00f8yten en helt funksjonell vanntank og spr\u00f8ytesystem. Vanntanken har et sofistikert pumpe og slange system som enkelt spr\u00f8yter vannet utover \u00e5keren til den lille farmeren.<\/p>\n","protected":false},"featured_media":0,"template":"","meta":{"content-type":"","_monsterinsights_skip_tracking":false,"_monsterinsights_sitenote_active":false,"_monsterinsights_sitenote_note":"","_monsterinsights_sitenote_category":0},"product_brand":[],"product_cat":[1705],"product_tag":[],"brand":[],"target-group":[],"discontinued":[],"class_list":{"0":"post-354694","1":"product","2":"type-product","3":"status-publish","5":"product_cat-bruder-leker","7":"first","8":"instock","9":"taxable","10":"shipping-taxable","11":"product-type-simple"},"aioseo_notices":[],"_links":{"self":[{"href":"https:\/\/games.tactic.net\/no\/wp-json\/wp\/v2\/product\/354694","targetHints":{"allow":["GET"]}}],"collection":[{"href":"https:\/\/games.tactic.net\/no\/wp-json\/wp\/v2\/product"}],"about":[{"href":"https:\/\/games.tactic.net\/no\/wp-json\/wp\/v2\/types\/product"}],"wp:attachment":[{"href":"https:\/\/games.tactic.net\/no\/wp-json\/wp\/v2\/media?parent=354694"}],"wp:term":[{"taxonomy":"product_brand","embeddable":true,"href":"https:\/\/games.tactic.net\/no\/wp-json\/wp\/v2\/product_brand?post=354694"},{"taxonomy":"product_cat","embeddable":true,"href":"https:\/\/games.tactic.net\/no\/wp-json\/wp\/v2\/product_cat?post=354694"},{"taxonomy":"product_tag","embeddable":true,"href":"https:\/\/games.tactic.net\/no\/wp-json\/wp\/v2\/product_tag?post=354694"},{"taxonomy":"brand","embeddable":true,"href":"https:\/\/games.tactic.net\/no\/wp-json\/wp\/v2\/brand?post=354694"},{"taxonomy":"target-group","embeddable":true,"href":"https:\/\/games.tactic.net\/no\/wp-json\/wp\/v2\/target-group?post=354694"},{"taxonomy":"discontinued","embeddable":true,"href":"https:\/\/games.tactic.net\/no\/wp-json\/wp\/v2\/discontinued?post=354694"}],"curies":[{"name":"wp","href":"https:\/\/api.w.org\/{rel}","templated":true}]}}