{"id":354665,"date":"2022-01-24T15:46:24","date_gmt":"2022-01-24T13:46:24","guid":{"rendered":"https:\/\/games.tactic.net\/tuote\/fliegl-three-way-tipp-trailer-with-removable-top\/"},"modified":"2023-10-20T15:52:48","modified_gmt":"2023-10-20T12:52:48","slug":"fliegl-three-way-tipp-trailer-with-removable-top","status":"publish","type":"product","link":"https:\/\/games.tactic.net\/no\/tuote\/fliegl-three-way-tipp-trailer-with-removable-top\/","title":{"rendered":"Fliegl treveis tipphenger med avtagbar topp"},"content":{"rendered":"<p>BRUDER Fliegl treveis tipphenger er et unikt leket\u00f8y. Aldri f\u00f8r har det v\u00e6rt mulig for barn \u00e5 kontrollere en kompleks tilhenger som kan tippes til tre sider s\u00e5 lett. Utfordringen v\u00e5r var \u00e5 m\u00f8te kravene om \u00e5 kombinere realistiske funksjoner med eksepsjonell betjening. Foran p\u00e5 tilhengeren har en skyvekontroll for den innovative tippenheten. Hvis du flytter kontrollspaken til venstre, tipper tilhengeren mot venstre; hvis du flytter den til h\u00f8yre, tipper den til h\u00f8yre. Hvis du flytter spaken inn p\u00e5 midten, lar det bare tilhengeren tippes bakover. Still inn retningen med kontrollspaken og tilhengeren kan kun tippes i den retningen. \u00c5pningsbare sider festet p\u00e5 toppen utgj\u00f8r ogs\u00e5 en del av en treveis dumper. Sm\u00e5 b\u00f8nder vil smile fra \u00f8re til \u00f8re n\u00e5r de tipper inn avlingen i f.eks. lagersiloen. Sidel\u00e5sen er like enkel \u00e5 betjene som tippemekanismen. Det er en skyvel\u00e5s under sidene p\u00e5 venstre, h\u00f8yre og bakside. Et lite rykk i \u00e5pen retning er alt som skal til og siden er allerede sluppet. Men det er mer. Toppkantene kan ogs\u00e5 fjernes. Derfor kan sidene ogs\u00e5 \u00e5pnes konvensjonelt med en pivot under p\u00e5 plattformen.<\/p>\n","protected":false},"excerpt":{"rendered":"<p>Det er lett \u00e5 kontrollere denne komplekse vognen som kan tippes til tre sider. Fronten av vognen har en skyve kontroll for den innovative tippe enheten. Bestem hvilken side som vognen skal tippes med kontroll spaken.<\/p>\n","protected":false},"featured_media":0,"template":"","meta":{"content-type":"","_monsterinsights_skip_tracking":false,"_monsterinsights_sitenote_active":false,"_monsterinsights_sitenote_note":"","_monsterinsights_sitenote_category":0},"product_brand":[],"product_cat":[1705],"product_tag":[],"brand":[],"target-group":[],"discontinued":[],"class_list":{"0":"post-354665","1":"product","2":"type-product","3":"status-publish","5":"product_cat-bruder-leker","7":"first","8":"instock","9":"taxable","10":"shipping-taxable","11":"product-type-simple"},"aioseo_notices":[],"_links":{"self":[{"href":"https:\/\/games.tactic.net\/no\/wp-json\/wp\/v2\/product\/354665","targetHints":{"allow":["GET"]}}],"collection":[{"href":"https:\/\/games.tactic.net\/no\/wp-json\/wp\/v2\/product"}],"about":[{"href":"https:\/\/games.tactic.net\/no\/wp-json\/wp\/v2\/types\/product"}],"wp:attachment":[{"href":"https:\/\/games.tactic.net\/no\/wp-json\/wp\/v2\/media?parent=354665"}],"wp:term":[{"taxonomy":"product_brand","embeddable":true,"href":"https:\/\/games.tactic.net\/no\/wp-json\/wp\/v2\/product_brand?post=354665"},{"taxonomy":"product_cat","embeddable":true,"href":"https:\/\/games.tactic.net\/no\/wp-json\/wp\/v2\/product_cat?post=354665"},{"taxonomy":"product_tag","embeddable":true,"href":"https:\/\/games.tactic.net\/no\/wp-json\/wp\/v2\/product_tag?post=354665"},{"taxonomy":"brand","embeddable":true,"href":"https:\/\/games.tactic.net\/no\/wp-json\/wp\/v2\/brand?post=354665"},{"taxonomy":"target-group","embeddable":true,"href":"https:\/\/games.tactic.net\/no\/wp-json\/wp\/v2\/target-group?post=354665"},{"taxonomy":"discontinued","embeddable":true,"href":"https:\/\/games.tactic.net\/no\/wp-json\/wp\/v2\/discontinued?post=354665"}],"curies":[{"name":"wp","href":"https:\/\/api.w.org\/{rel}","templated":true}]}}