{"id":354607,"date":"2022-01-24T15:46:05","date_gmt":"2022-01-24T13:46:05","guid":{"rendered":"https:\/\/games.tactic.net\/tuote\/jlg-2505-telehandler\/"},"modified":"2023-10-20T16:01:51","modified_gmt":"2023-10-20T13:01:51","slug":"jlg-2505-telehandler","status":"publish","type":"product","link":"https:\/\/games.tactic.net\/no\/tuote\/jlg-2505-telehandler\/","title":{"rendered":"JLG 2505 teleskoplaster"},"content":{"rendered":"<p>JLG-teleskoplasteren er en skikkelig allrounder. M\u00e5 store mengder jord m\u00e5kes? Eller delikate varer lastet inn p\u00e5 paletter? JLG teleskoplasteren er en p\u00e5litelig og effektiv partner i enhver situasjon. Den lille st\u00f8rrelsen og den sterkt uttrekkbare teleskoparmen er akkurat det som gj\u00f8r den til det f\u00f8rste valget for mange forskjellige brukssteder. JLG-modellen er n\u00f8ye kontrollert med fire fremhevede s\u00f8lvh\u00e5ndtak. Foruten den justerbare armh\u00f8yden, armens uttrekkbarhet og vinkelen p\u00e5 verkt\u00f8yholderen kan endres, har teleskoplasteren fullt funksjonell firehjulsstyring. Dette gj\u00f8r styring av b\u00e5de JLG-teleskoplasteren og BRUDER-modellen til en barnelek!<\/p>\n","protected":false},"excerpt":{"rendered":"<p>Den lille st\u00f8rrelsen p\u00e5 JLG teleskop lasteren sammen med den forlengende armen gj\u00f8r den til f\u00f8rste valget for mange ulike steder. Fire skruknotter gj\u00f8r at du kan n\u00f8yaktig kontrollere modellen.<\/p>\n","protected":false},"featured_media":0,"template":"","meta":{"content-type":"","_monsterinsights_skip_tracking":false,"_monsterinsights_sitenote_active":false,"_monsterinsights_sitenote_note":"","_monsterinsights_sitenote_category":0},"product_brand":[],"product_cat":[1705],"product_tag":[],"brand":[],"target-group":[],"discontinued":[],"class_list":{"0":"post-354607","1":"product","2":"type-product","3":"status-publish","5":"product_cat-bruder-leker","7":"first","8":"instock","9":"taxable","10":"shipping-taxable","11":"product-type-simple"},"aioseo_notices":[],"_links":{"self":[{"href":"https:\/\/games.tactic.net\/no\/wp-json\/wp\/v2\/product\/354607","targetHints":{"allow":["GET"]}}],"collection":[{"href":"https:\/\/games.tactic.net\/no\/wp-json\/wp\/v2\/product"}],"about":[{"href":"https:\/\/games.tactic.net\/no\/wp-json\/wp\/v2\/types\/product"}],"wp:attachment":[{"href":"https:\/\/games.tactic.net\/no\/wp-json\/wp\/v2\/media?parent=354607"}],"wp:term":[{"taxonomy":"product_brand","embeddable":true,"href":"https:\/\/games.tactic.net\/no\/wp-json\/wp\/v2\/product_brand?post=354607"},{"taxonomy":"product_cat","embeddable":true,"href":"https:\/\/games.tactic.net\/no\/wp-json\/wp\/v2\/product_cat?post=354607"},{"taxonomy":"product_tag","embeddable":true,"href":"https:\/\/games.tactic.net\/no\/wp-json\/wp\/v2\/product_tag?post=354607"},{"taxonomy":"brand","embeddable":true,"href":"https:\/\/games.tactic.net\/no\/wp-json\/wp\/v2\/brand?post=354607"},{"taxonomy":"target-group","embeddable":true,"href":"https:\/\/games.tactic.net\/no\/wp-json\/wp\/v2\/target-group?post=354607"},{"taxonomy":"discontinued","embeddable":true,"href":"https:\/\/games.tactic.net\/no\/wp-json\/wp\/v2\/discontinued?post=354607"}],"curies":[{"name":"wp","href":"https:\/\/api.w.org\/{rel}","templated":true}]}}