{"id":354578,"date":"2022-01-24T15:45:54","date_gmt":"2022-01-24T13:45:54","guid":{"rendered":"https:\/\/games.tactic.net\/tuote\/cat-multi-terrain-loader\/"},"modified":"2023-10-20T15:37:12","modified_gmt":"2023-10-20T12:37:12","slug":"cat-multi-terrain-loader","status":"publish","type":"product","link":"https:\/\/games.tactic.net\/no\/tuote\/cat-multi-terrain-loader\/","title":{"rendered":"CAT kompakt beltelaster"},"content":{"rendered":"<p>CATERPILLAR multiterrenglaster er virkelig multifunksjonell. Kraftig, fleksibel og smidig: det er f\u00f8rstevalget for ethvert lite omr\u00e5de. Funksjonene til CAT multiterrenglasteren er sammenlignbare med de til CATERPILLAR kompaktlasteren, men multiterrenglasteren har en gummikjededrift, noe som skaper et mye lavere marktrykk. Det er veldig moro \u00e5 se hvor n\u00f8yaktig kjettingene fungerer mens du flytter CAT multiterrenglasteren over alle typer underlag. Den bevegelige armen til CAT multiterrenglasteren kan l\u00e5ses i mange posisjoner og n\u00e5 spesielt h\u00f8yt takket v\u00e6re dens spesielle konstruksjon. En adapter for redskaper som allerede er brukt p\u00e5 flere BRUDER-kj\u00f8ret\u00f8yer gj\u00f8r at CATERPILLAR multiterrenglaster og dens tilknyttede utstyr mestrer alle typer arbeid p\u00e5 kort tid.<\/p>\n","protected":false},"excerpt":{"rendered":"<p>CATERPILLAR Multi Terrain Loader er kraftig, fleksibel og mobil. Det er utrolig fascinerende \u00e5 se hvor presist beltene fungerer mens du kj\u00f8rer lasteren over forskjellige typer underlag. Den bevegelige armen kan l\u00e5ses i mange forskjellige posisjoner.<\/p>\n","protected":false},"featured_media":0,"template":"","meta":{"content-type":"","_monsterinsights_skip_tracking":false,"_monsterinsights_sitenote_active":false,"_monsterinsights_sitenote_note":"","_monsterinsights_sitenote_category":0},"product_brand":[],"product_cat":[1705],"product_tag":[],"brand":[],"target-group":[],"discontinued":[],"class_list":{"0":"post-354578","1":"product","2":"type-product","3":"status-publish","5":"product_cat-bruder-leker","7":"first","8":"outofstock","9":"taxable","10":"shipping-taxable","11":"product-type-simple"},"aioseo_notices":[],"_links":{"self":[{"href":"https:\/\/games.tactic.net\/no\/wp-json\/wp\/v2\/product\/354578","targetHints":{"allow":["GET"]}}],"collection":[{"href":"https:\/\/games.tactic.net\/no\/wp-json\/wp\/v2\/product"}],"about":[{"href":"https:\/\/games.tactic.net\/no\/wp-json\/wp\/v2\/types\/product"}],"wp:attachment":[{"href":"https:\/\/games.tactic.net\/no\/wp-json\/wp\/v2\/media?parent=354578"}],"wp:term":[{"taxonomy":"product_brand","embeddable":true,"href":"https:\/\/games.tactic.net\/no\/wp-json\/wp\/v2\/product_brand?post=354578"},{"taxonomy":"product_cat","embeddable":true,"href":"https:\/\/games.tactic.net\/no\/wp-json\/wp\/v2\/product_cat?post=354578"},{"taxonomy":"product_tag","embeddable":true,"href":"https:\/\/games.tactic.net\/no\/wp-json\/wp\/v2\/product_tag?post=354578"},{"taxonomy":"brand","embeddable":true,"href":"https:\/\/games.tactic.net\/no\/wp-json\/wp\/v2\/brand?post=354578"},{"taxonomy":"target-group","embeddable":true,"href":"https:\/\/games.tactic.net\/no\/wp-json\/wp\/v2\/target-group?post=354578"},{"taxonomy":"discontinued","embeddable":true,"href":"https:\/\/games.tactic.net\/no\/wp-json\/wp\/v2\/discontinued?post=354578"}],"curies":[{"name":"wp","href":"https:\/\/api.w.org\/{rel}","templated":true}]}}