{"id":354549,"date":"2022-01-24T15:45:45","date_gmt":"2022-01-24T13:45:45","guid":{"rendered":"https:\/\/games.tactic.net\/tuote\/john-deere-1210e-forwarder-with-4-trunks-and-grab\/"},"modified":"2023-10-20T16:02:16","modified_gmt":"2023-10-20T13:02:16","slug":"john-deere-1210e-forwarder-with-4-trunks-and-grab","status":"publish","type":"product","link":"https:\/\/games.tactic.net\/no\/tuote\/john-deere-1210e-forwarder-with-4-trunks-and-grab\/","title":{"rendered":"John Deere 1210E lassb\u00e6rer med 4 stammer og grip"},"content":{"rendered":"<p>P\u00e5 grunn av det stadig \u00f8kende forbruket av energi over hele verden, blir fornybar energi stadig viktigere. Tre fra skogbruk er en av de mest effektive bioenergikildene som finnes. Hver liten skogsarbeider kan v\u00e6re stolt av sitt bidrag n\u00e5r de gjenskaper realistiske skogbruksscener med BRUDERs kj\u00f8ret\u00f8y og figurer. John Deere fireakslet lassb\u00e6rer kan transportere felte trestammer gjennom ufremkommelig terreng og laste og losse frakten autonomt. Den bruker en roterende og svingbar lastekran med en automatisk lukkende griper til dette. Den allerede sv\u00e6rt gode offroad-evnen til John Deere-skuteren forbedres ytterligere av de fire oscillerende akslene. F\u00f8reren (medf\u00f8lger ikke) kan holde \u00f8ye med ting under kj\u00f8ring og lasting takket v\u00e6re f\u00f8rerhuset som kan rotere 360\u00b0. John Deere lassb\u00e6rer er akkurat det rette kj\u00f8ret\u00f8yet for timevis med skogsdrift.<\/p>\n","protected":false},"excerpt":{"rendered":"<p>Enhver liten skogsarbeider kan v\u00e6re stolt av deres innsats i skogen med denne John Deere fire akslede skogsmaskinen. Den kan transportere det ned sagede t\u00f8mmeret gjennom ulendt terreng og enkelt laste eller losse sin last.<\/p>\n","protected":false},"featured_media":0,"template":"","meta":{"content-type":"","_monsterinsights_skip_tracking":false,"_monsterinsights_sitenote_active":false,"_monsterinsights_sitenote_note":"","_monsterinsights_sitenote_category":0},"product_brand":[],"product_cat":[1705],"product_tag":[],"brand":[],"target-group":[],"discontinued":[],"class_list":{"0":"post-354549","1":"product","2":"type-product","3":"status-publish","5":"product_cat-bruder-leker","7":"first","8":"instock","9":"taxable","10":"shipping-taxable","11":"product-type-simple"},"aioseo_notices":[],"_links":{"self":[{"href":"https:\/\/games.tactic.net\/no\/wp-json\/wp\/v2\/product\/354549","targetHints":{"allow":["GET"]}}],"collection":[{"href":"https:\/\/games.tactic.net\/no\/wp-json\/wp\/v2\/product"}],"about":[{"href":"https:\/\/games.tactic.net\/no\/wp-json\/wp\/v2\/types\/product"}],"wp:attachment":[{"href":"https:\/\/games.tactic.net\/no\/wp-json\/wp\/v2\/media?parent=354549"}],"wp:term":[{"taxonomy":"product_brand","embeddable":true,"href":"https:\/\/games.tactic.net\/no\/wp-json\/wp\/v2\/product_brand?post=354549"},{"taxonomy":"product_cat","embeddable":true,"href":"https:\/\/games.tactic.net\/no\/wp-json\/wp\/v2\/product_cat?post=354549"},{"taxonomy":"product_tag","embeddable":true,"href":"https:\/\/games.tactic.net\/no\/wp-json\/wp\/v2\/product_tag?post=354549"},{"taxonomy":"brand","embeddable":true,"href":"https:\/\/games.tactic.net\/no\/wp-json\/wp\/v2\/brand?post=354549"},{"taxonomy":"target-group","embeddable":true,"href":"https:\/\/games.tactic.net\/no\/wp-json\/wp\/v2\/target-group?post=354549"},{"taxonomy":"discontinued","embeddable":true,"href":"https:\/\/games.tactic.net\/no\/wp-json\/wp\/v2\/discontinued?post=354549"}],"curies":[{"name":"wp","href":"https:\/\/api.w.org\/{rel}","templated":true}]}}