{"id":354520,"date":"2022-01-24T15:45:35","date_gmt":"2022-01-24T13:45:35","guid":{"rendered":"https:\/\/games.tactic.net\/tuote\/john-deere-combine-harvester-t670i\/"},"modified":"2023-10-20T16:05:45","modified_gmt":"2023-10-20T13:05:45","slug":"john-deere-combine-harvester-t670i","status":"publish","type":"product","link":"https:\/\/games.tactic.net\/no\/tuote\/john-deere-combine-harvester-t670i\/","title":{"rendered":"John Deere skurtresker T670i"},"content":{"rendered":"<p>John Deere, verdens ledende traktorprodusent, lager ogs\u00e5 skurtreskere. T-serien til disse maskinene gjennomgikk en ny utvikling og inkluderer n\u00e5 modellen T670i som toppmodell n\u00e5r det gjelder ytelse og utstyr. Det samme gjelder for dens helt nye BRUDER-modell som representerer en milep\u00e6l i historien til leker som oppfyller de mest utfordrende kravene. Mens den sv\u00e6rt effektive teknologien som er integrert i disse imponerende maskinene, for det meste fungerer usett av den tilfeldige observat\u00f8ren, er barn alltid fascinert av skuespillet som skapes av skurtreskere n\u00e5r de h\u00f8ster avlinger. Med v\u00e5r nye John Deere skurtresker har BRUDER klart \u00e5 gj\u00f8re denne teknologien levende og gj\u00f8re den til en morsom opplevelse. V\u00e5re sm\u00e5 b\u00f8nder vil bli begeistret over \u00e5 l\u00e6re hvor lett denne store innh\u00f8stingsmaskinen styrer og hvor spennende det er \u00e5 kunne t\u00f8mme korntanken via avl\u00f8psr\u00f8ret. De andre realistiske detaljene, inkludert \u00e5pningsd\u00f8ren til kabinen, mange \u00e5pningsdeksler, en avtakbar klippeenhet med pendeloppheng og niv\u00e5kompensering \u2013 bare for \u00e5 nevne noen \u2013 vil garantert gj\u00f8re denne leken mye moro \u00e5 leke med.<\/p>\n","protected":false},"excerpt":{"rendered":"<p>Sm\u00e5 farmere kommer til \u00e5 bli overrasket av hvor lett denne skurtreskeren er \u00e5 styre og hvor moro det er \u00e5 t\u00f8mme korntanken med t\u00f8mmeslangen. Andre realistiske detaljer er at f\u00f8rerhus d\u00f8ren kan \u00e5pnes, avtakbar skj\u00e6reenhet med fj\u00e6ring og h\u00f8ydejustering.<\/p>\n","protected":false},"featured_media":0,"template":"","meta":{"content-type":"","_monsterinsights_skip_tracking":false,"_monsterinsights_sitenote_active":false,"_monsterinsights_sitenote_note":"","_monsterinsights_sitenote_category":0},"product_brand":[],"product_cat":[1705],"product_tag":[],"brand":[],"target-group":[],"discontinued":[],"class_list":{"0":"post-354520","1":"product","2":"type-product","3":"status-publish","5":"product_cat-bruder-leker","7":"first","8":"outofstock","9":"taxable","10":"shipping-taxable","11":"product-type-simple"},"aioseo_notices":[],"_links":{"self":[{"href":"https:\/\/games.tactic.net\/no\/wp-json\/wp\/v2\/product\/354520","targetHints":{"allow":["GET"]}}],"collection":[{"href":"https:\/\/games.tactic.net\/no\/wp-json\/wp\/v2\/product"}],"about":[{"href":"https:\/\/games.tactic.net\/no\/wp-json\/wp\/v2\/types\/product"}],"wp:attachment":[{"href":"https:\/\/games.tactic.net\/no\/wp-json\/wp\/v2\/media?parent=354520"}],"wp:term":[{"taxonomy":"product_brand","embeddable":true,"href":"https:\/\/games.tactic.net\/no\/wp-json\/wp\/v2\/product_brand?post=354520"},{"taxonomy":"product_cat","embeddable":true,"href":"https:\/\/games.tactic.net\/no\/wp-json\/wp\/v2\/product_cat?post=354520"},{"taxonomy":"product_tag","embeddable":true,"href":"https:\/\/games.tactic.net\/no\/wp-json\/wp\/v2\/product_tag?post=354520"},{"taxonomy":"brand","embeddable":true,"href":"https:\/\/games.tactic.net\/no\/wp-json\/wp\/v2\/brand?post=354520"},{"taxonomy":"target-group","embeddable":true,"href":"https:\/\/games.tactic.net\/no\/wp-json\/wp\/v2\/target-group?post=354520"},{"taxonomy":"discontinued","embeddable":true,"href":"https:\/\/games.tactic.net\/no\/wp-json\/wp\/v2\/discontinued?post=354520"}],"curies":[{"name":"wp","href":"https:\/\/api.w.org\/{rel}","templated":true}]}}