{"id":354491,"date":"2022-01-24T15:45:26","date_gmt":"2022-01-24T13:45:26","guid":{"rendered":"https:\/\/games.tactic.net\/tuote\/claas-jaguar-900-field-chopper\/"},"modified":"2023-10-20T15:41:24","modified_gmt":"2023-10-20T12:41:24","slug":"claas-jaguar-900-field-chopper","status":"publish","type":"product","link":"https:\/\/games.tactic.net\/no\/tuote\/claas-jaguar-900-field-chopper\/","title":{"rendered":"Claas Jaguar 900 felthakker"},"content":{"rendered":"<p>Claas Jaguar 900 felthakker er en detaljert kopi av originalen som er en imponerende hogstmaskin fra markedslederen innen innh\u00f8stingsteknologi i Europa. Modellen utmerker seg ved en kornskive med fire drevne inntrekksblader. For \u00e5 garantere funksjonen selv p\u00e5 en ujevn lekeplass, har kornborden oscillerende oppheng og stabiliseres i midtposisjon av en torsjonsfj\u00e6r. Maishodet kan ogs\u00e5 tas av, slik at du kan se p\u00e5 kutteren. Begge de ytre inntrekkingsbladene kan foldes opp, og hele kornborden kan l\u00f8ftes for transport p\u00e5 vei. Modellen har ogs\u00e5 luker som kan \u00e5pnes slik at teknologien, som motoren og drivremmen, kan sees. Den i\u00f8ynefallende ensilasjetuten kan justeres p\u00e5 mange m\u00e5ter, akkurat som originalen. En alterreng oscillerende aksel, slitebanedekk og et delvis glassert f\u00f8rerhus fullf\u00f8rer bildet.<\/p>\n","protected":false},"excerpt":{"rendered":"<p>Denne f\u00f4rh\u00f8steren er en detaljert modell av originalen som i virkeligheten er en imponerende h\u00f8ster med fire store kutteblader. H\u00f8steren har mange bevegelige deler og funger akkurat som originalen.<\/p>\n","protected":false},"featured_media":0,"template":"","meta":{"content-type":"","_monsterinsights_skip_tracking":false,"_monsterinsights_sitenote_active":false,"_monsterinsights_sitenote_note":"","_monsterinsights_sitenote_category":0},"product_brand":[],"product_cat":[1705],"product_tag":[],"brand":[],"target-group":[],"discontinued":[],"class_list":{"0":"post-354491","1":"product","2":"type-product","3":"status-publish","5":"product_cat-bruder-leker","7":"first","8":"instock","9":"taxable","10":"shipping-taxable","11":"product-type-simple"},"aioseo_notices":[],"_links":{"self":[{"href":"https:\/\/games.tactic.net\/no\/wp-json\/wp\/v2\/product\/354491","targetHints":{"allow":["GET"]}}],"collection":[{"href":"https:\/\/games.tactic.net\/no\/wp-json\/wp\/v2\/product"}],"about":[{"href":"https:\/\/games.tactic.net\/no\/wp-json\/wp\/v2\/types\/product"}],"wp:attachment":[{"href":"https:\/\/games.tactic.net\/no\/wp-json\/wp\/v2\/media?parent=354491"}],"wp:term":[{"taxonomy":"product_brand","embeddable":true,"href":"https:\/\/games.tactic.net\/no\/wp-json\/wp\/v2\/product_brand?post=354491"},{"taxonomy":"product_cat","embeddable":true,"href":"https:\/\/games.tactic.net\/no\/wp-json\/wp\/v2\/product_cat?post=354491"},{"taxonomy":"product_tag","embeddable":true,"href":"https:\/\/games.tactic.net\/no\/wp-json\/wp\/v2\/product_tag?post=354491"},{"taxonomy":"brand","embeddable":true,"href":"https:\/\/games.tactic.net\/no\/wp-json\/wp\/v2\/brand?post=354491"},{"taxonomy":"target-group","embeddable":true,"href":"https:\/\/games.tactic.net\/no\/wp-json\/wp\/v2\/target-group?post=354491"},{"taxonomy":"discontinued","embeddable":true,"href":"https:\/\/games.tactic.net\/no\/wp-json\/wp\/v2\/discontinued?post=354491"}],"curies":[{"name":"wp","href":"https:\/\/api.w.org\/{rel}","templated":true}]}}