{"id":354462,"date":"2022-01-24T15:45:15","date_gmt":"2022-01-24T13:45:15","guid":{"rendered":"https:\/\/games.tactic.net\/tuote\/manitou-telescopic-forklift-mrt-2150-with-accessories\/"},"modified":"2023-10-20T16:43:44","modified_gmt":"2023-10-20T13:43:44","slug":"manitou-telescopic-forklift-mrt-2150-with-accessories","status":"publish","type":"product","link":"https:\/\/games.tactic.net\/no\/tuote\/manitou-telescopic-forklift-mrt-2150-with-accessories\/","title":{"rendered":"Manitou teleskoptruck MRT 2150 med tilbeh\u00f8r"},"content":{"rendered":"<p>Manitou MRT 2150 PRIVILEGE teleskopisk gaffeltruck er en anleggsmaskin for universell bruk p\u00e5 byggeplasser for \u00e5 frakte materiale til nesten alle steder. Akkurat som originalen har BRUDER-modellen ulike funksjoner. Teleskoparmen kan forlenges og helningsniv\u00e5et p\u00e5 de medf\u00f8lgende gaflene kan justeres etter \u00f8nske i henhold til armens vinkel. L\u00f8ftegaflene kan ogs\u00e5 byttes ut med en b\u00f8tte (medf\u00f8lger), eller annet tilbeh\u00f8r tilgjengelig fra BRUDER for \u00e5 gi flere funksjoner. Trucken kan selvsagt roteres 360\u00b0 for \u00e5 fordele materialet til alle sider. Som med originalen, er stabiliteten sikret av fire teleskopst\u00f8tter. Firehjulsstyringen (liten svingradius) er en spesiell funksjon. H\u00e5ndhjulet til styrekontrollen ble plassert p\u00e5 den roterende strukturen bak det \u00e5pningsbare f\u00f8rerhuset slik at det lett kan n\u00e5s under lek. Styrebevegelsen overf\u00f8res ved hjelp av gir via svingringen til den roterende strukturen til styreleddet i chassiset \u2013 for leker en innovativ l\u00f8sning som \u00f8ker moroa. Det er dette som gj\u00f8r denne modellen og dens mange funksjoner til en fryd for barn \u00e5 leke med.<\/p>\n","protected":false},"excerpt":{"rendered":"<p>Manitou MRT 2150 teleskop gaffeltruck er en anleggsmaskin for universell bruk p\u00e5 anleggsplassen for \u00e5 flytte materialer til nesten alle steder p\u00e5 plassen. Gaffeltrucken har mange funksjoner slik som en teleskoparm, grabb og l\u00f8fte gaffel og my annet g\u00f8y.<\/p>\n","protected":false},"featured_media":0,"template":"","meta":{"content-type":"","_monsterinsights_skip_tracking":false,"_monsterinsights_sitenote_active":false,"_monsterinsights_sitenote_note":"","_monsterinsights_sitenote_category":0},"product_brand":[],"product_cat":[1705],"product_tag":[],"brand":[],"target-group":[],"discontinued":[],"class_list":{"0":"post-354462","1":"product","2":"type-product","3":"status-publish","5":"product_cat-bruder-leker","7":"first","8":"instock","9":"taxable","10":"shipping-taxable","11":"product-type-simple"},"aioseo_notices":[],"_links":{"self":[{"href":"https:\/\/games.tactic.net\/no\/wp-json\/wp\/v2\/product\/354462","targetHints":{"allow":["GET"]}}],"collection":[{"href":"https:\/\/games.tactic.net\/no\/wp-json\/wp\/v2\/product"}],"about":[{"href":"https:\/\/games.tactic.net\/no\/wp-json\/wp\/v2\/types\/product"}],"wp:attachment":[{"href":"https:\/\/games.tactic.net\/no\/wp-json\/wp\/v2\/media?parent=354462"}],"wp:term":[{"taxonomy":"product_brand","embeddable":true,"href":"https:\/\/games.tactic.net\/no\/wp-json\/wp\/v2\/product_brand?post=354462"},{"taxonomy":"product_cat","embeddable":true,"href":"https:\/\/games.tactic.net\/no\/wp-json\/wp\/v2\/product_cat?post=354462"},{"taxonomy":"product_tag","embeddable":true,"href":"https:\/\/games.tactic.net\/no\/wp-json\/wp\/v2\/product_tag?post=354462"},{"taxonomy":"brand","embeddable":true,"href":"https:\/\/games.tactic.net\/no\/wp-json\/wp\/v2\/brand?post=354462"},{"taxonomy":"target-group","embeddable":true,"href":"https:\/\/games.tactic.net\/no\/wp-json\/wp\/v2\/target-group?post=354462"},{"taxonomy":"discontinued","embeddable":true,"href":"https:\/\/games.tactic.net\/no\/wp-json\/wp\/v2\/discontinued?post=354462"}],"curies":[{"name":"wp","href":"https:\/\/api.w.org\/{rel}","templated":true}]}}