{"id":354433,"date":"2022-01-24T15:45:04","date_gmt":"2022-01-24T13:45:04","guid":{"rendered":"https:\/\/games.tactic.net\/tuote\/strautmann-verti-mix-1050-fodder-mixer\/"},"modified":"2023-10-20T17:04:43","modified_gmt":"2023-10-20T14:04:43","slug":"strautmann-verti-mix-1050-fodder-mixer","status":"publish","type":"product","link":"https:\/\/games.tactic.net\/no\/tuote\/strautmann-verti-mix-1050-fodder-mixer\/","title":{"rendered":"Strautmann Verti-Mix 1050 f\u00f4rblander"},"content":{"rendered":"<p>Kutterne (plast) i blandebeholderen til Strautmann f\u00f4rblander Verti-Mix 1050 f\u00f4rblander roterer, og utl\u00f8psglideren p\u00e5 beholderen kan \u00e5pnes. Tverrbeltet er fullt funksjonelt og det digitale displayet svinger. Et utbrettbart st\u00f8tteben s\u00f8rger for stabilitet og slitebanedekk kompletterer bildet. For \u00e5 \u00f8ke moroa kan Strautmann Verti-Mix 1050 f\u00f4rblander kombineres med alle traktorer i Profi-serien (ikke inkludert).<\/p>\n","protected":false},"excerpt":{"rendered":"<p>Plast knivene i blande enheten til Verti-Mix 1050 formixer roterer og den ene siden kan \u00e5pnes opp. Transportbeltet er fullt fungerende og den digitale skjermen roterer.<\/p>\n","protected":false},"featured_media":0,"template":"","meta":{"content-type":"","_monsterinsights_skip_tracking":false,"_monsterinsights_sitenote_active":false,"_monsterinsights_sitenote_note":"","_monsterinsights_sitenote_category":0},"product_brand":[],"product_cat":[1705],"product_tag":[],"brand":[],"target-group":[],"discontinued":[],"class_list":{"0":"post-354433","1":"product","2":"type-product","3":"status-publish","5":"product_cat-bruder-leker","7":"first","8":"instock","9":"taxable","10":"shipping-taxable","11":"product-type-simple"},"aioseo_notices":[],"_links":{"self":[{"href":"https:\/\/games.tactic.net\/no\/wp-json\/wp\/v2\/product\/354433","targetHints":{"allow":["GET"]}}],"collection":[{"href":"https:\/\/games.tactic.net\/no\/wp-json\/wp\/v2\/product"}],"about":[{"href":"https:\/\/games.tactic.net\/no\/wp-json\/wp\/v2\/types\/product"}],"wp:attachment":[{"href":"https:\/\/games.tactic.net\/no\/wp-json\/wp\/v2\/media?parent=354433"}],"wp:term":[{"taxonomy":"product_brand","embeddable":true,"href":"https:\/\/games.tactic.net\/no\/wp-json\/wp\/v2\/product_brand?post=354433"},{"taxonomy":"product_cat","embeddable":true,"href":"https:\/\/games.tactic.net\/no\/wp-json\/wp\/v2\/product_cat?post=354433"},{"taxonomy":"product_tag","embeddable":true,"href":"https:\/\/games.tactic.net\/no\/wp-json\/wp\/v2\/product_tag?post=354433"},{"taxonomy":"brand","embeddable":true,"href":"https:\/\/games.tactic.net\/no\/wp-json\/wp\/v2\/brand?post=354433"},{"taxonomy":"target-group","embeddable":true,"href":"https:\/\/games.tactic.net\/no\/wp-json\/wp\/v2\/target-group?post=354433"},{"taxonomy":"discontinued","embeddable":true,"href":"https:\/\/games.tactic.net\/no\/wp-json\/wp\/v2\/discontinued?post=354433"}],"curies":[{"name":"wp","href":"https:\/\/api.w.org\/{rel}","templated":true}]}}