{"id":354404,"date":"2022-01-24T15:44:55","date_gmt":"2022-01-24T13:44:55","guid":{"rendered":"https:\/\/games.tactic.net\/tuote\/manitou-telescopic-loader-mlt-633\/"},"modified":"2023-10-20T16:44:08","modified_gmt":"2023-10-20T13:44:08","slug":"manitou-telescopic-loader-mlt-633","status":"publish","type":"product","link":"https:\/\/games.tactic.net\/no\/tuote\/manitou-telescopic-loader-mlt-633\/","title":{"rendered":"Manitou teleskoplaster MLT 633"},"content":{"rendered":"<p>Teleskoparmen kan forlenges og h\u00f8yden justeres med den \u00f8vre dreieknappen. Vinkelen p\u00e5 skuffegrabben kan ogs\u00e5 justeres og den kan tas av med dreieknappen p\u00e5 siden. Motorpanseret kan \u00e5pnes og slitebanedekkene fullf\u00f8rer bildet.<\/p>\n","protected":false},"excerpt":{"rendered":"<p>Teleskop armen kan forlenges og h\u00f8yden justeres med den \u00f8verste dreibare knotten. Vinkelen p\u00e5 grabben kan ogs\u00e5 justeres, den kan ogs\u00e5 fjernes med den dreibare knotten p\u00e5 siden.<\/p>\n","protected":false},"featured_media":0,"template":"","meta":{"content-type":"","_monsterinsights_skip_tracking":false,"_monsterinsights_sitenote_active":false,"_monsterinsights_sitenote_note":"","_monsterinsights_sitenote_category":0},"product_brand":[],"product_cat":[1705],"product_tag":[],"brand":[],"target-group":[],"discontinued":[],"class_list":{"0":"post-354404","1":"product","2":"type-product","3":"status-publish","5":"product_cat-bruder-leker","7":"first","8":"instock","9":"taxable","10":"shipping-taxable","11":"product-type-simple"},"aioseo_notices":[],"_links":{"self":[{"href":"https:\/\/games.tactic.net\/no\/wp-json\/wp\/v2\/product\/354404","targetHints":{"allow":["GET"]}}],"collection":[{"href":"https:\/\/games.tactic.net\/no\/wp-json\/wp\/v2\/product"}],"about":[{"href":"https:\/\/games.tactic.net\/no\/wp-json\/wp\/v2\/types\/product"}],"wp:attachment":[{"href":"https:\/\/games.tactic.net\/no\/wp-json\/wp\/v2\/media?parent=354404"}],"wp:term":[{"taxonomy":"product_brand","embeddable":true,"href":"https:\/\/games.tactic.net\/no\/wp-json\/wp\/v2\/product_brand?post=354404"},{"taxonomy":"product_cat","embeddable":true,"href":"https:\/\/games.tactic.net\/no\/wp-json\/wp\/v2\/product_cat?post=354404"},{"taxonomy":"product_tag","embeddable":true,"href":"https:\/\/games.tactic.net\/no\/wp-json\/wp\/v2\/product_tag?post=354404"},{"taxonomy":"brand","embeddable":true,"href":"https:\/\/games.tactic.net\/no\/wp-json\/wp\/v2\/brand?post=354404"},{"taxonomy":"target-group","embeddable":true,"href":"https:\/\/games.tactic.net\/no\/wp-json\/wp\/v2\/target-group?post=354404"},{"taxonomy":"discontinued","embeddable":true,"href":"https:\/\/games.tactic.net\/no\/wp-json\/wp\/v2\/discontinued?post=354404"}],"curies":[{"name":"wp","href":"https:\/\/api.w.org\/{rel}","templated":true}]}}