{"id":354375,"date":"2022-01-24T15:44:45","date_gmt":"2022-01-24T13:44:45","guid":{"rendered":"https:\/\/games.tactic.net\/tuote\/claas-rollant-250-straw-baler\/"},"modified":"2023-10-20T15:44:12","modified_gmt":"2023-10-20T12:44:12","slug":"claas-rollant-250-straw-baler","status":"publish","type":"product","link":"https:\/\/games.tactic.net\/no\/tuote\/claas-rollant-250-straw-baler\/","title":{"rendered":"Claas Rollant 250 halmpresse"},"content":{"rendered":"<p>Claas Rollant 250 halmballepresse med hengslet h\u00f8yplukker drives av rullematere. Sidedekselet og bakpressen kan \u00e5pnes. Den innlagte ballen kastes automatisk ut ved \u00e5 aktivere depotvippen. Ballepakkeren (ikke inkludert) kan festes via en trekkstangkobling. En rundballe inkludert og slitebanedekk fullf\u00f8rer bildet. For \u00e5 \u00f8ke moroa kan Claas Rollant 250 rundballepresse kombineres med alle traktorer i Profi-serien samt en ballepakker. Rundballepressene er ogs\u00e5 tilgjengelige separat.<\/p>\n","protected":false},"excerpt":{"rendered":"<p>Claas Rollant 250 rundballepresse har et hengslet h\u00f8y inntak. Bakenden av pressen og den ene siden kan \u00e5pnes. Den innsatte rundballen spretter automatisk ut ved \u00e5 trykke p\u00e5 utl\u00f8sermekanismen. En rundballe er inkludert.<\/p>\n","protected":false},"featured_media":0,"template":"","meta":{"content-type":"","_monsterinsights_skip_tracking":false,"_monsterinsights_sitenote_active":false,"_monsterinsights_sitenote_note":"","_monsterinsights_sitenote_category":0},"product_brand":[],"product_cat":[1705],"product_tag":[],"brand":[],"target-group":[],"discontinued":[],"class_list":{"0":"post-354375","1":"product","2":"type-product","3":"status-publish","5":"product_cat-bruder-leker","7":"first","8":"instock","9":"taxable","10":"shipping-taxable","11":"product-type-simple"},"aioseo_notices":[],"_links":{"self":[{"href":"https:\/\/games.tactic.net\/no\/wp-json\/wp\/v2\/product\/354375","targetHints":{"allow":["GET"]}}],"collection":[{"href":"https:\/\/games.tactic.net\/no\/wp-json\/wp\/v2\/product"}],"about":[{"href":"https:\/\/games.tactic.net\/no\/wp-json\/wp\/v2\/types\/product"}],"wp:attachment":[{"href":"https:\/\/games.tactic.net\/no\/wp-json\/wp\/v2\/media?parent=354375"}],"wp:term":[{"taxonomy":"product_brand","embeddable":true,"href":"https:\/\/games.tactic.net\/no\/wp-json\/wp\/v2\/product_brand?post=354375"},{"taxonomy":"product_cat","embeddable":true,"href":"https:\/\/games.tactic.net\/no\/wp-json\/wp\/v2\/product_cat?post=354375"},{"taxonomy":"product_tag","embeddable":true,"href":"https:\/\/games.tactic.net\/no\/wp-json\/wp\/v2\/product_tag?post=354375"},{"taxonomy":"brand","embeddable":true,"href":"https:\/\/games.tactic.net\/no\/wp-json\/wp\/v2\/brand?post=354375"},{"taxonomy":"target-group","embeddable":true,"href":"https:\/\/games.tactic.net\/no\/wp-json\/wp\/v2\/target-group?post=354375"},{"taxonomy":"discontinued","embeddable":true,"href":"https:\/\/games.tactic.net\/no\/wp-json\/wp\/v2\/discontinued?post=354375"}],"curies":[{"name":"wp","href":"https:\/\/api.w.org\/{rel}","templated":true}]}}