{"id":354346,"date":"2022-01-24T15:44:36","date_gmt":"2022-01-24T13:44:36","guid":{"rendered":"https:\/\/games.tactic.net\/tuote\/claas-lexion-480-combine-harvester\/"},"modified":"2023-10-20T15:42:20","modified_gmt":"2023-10-20T12:42:20","slug":"claas-lexion-480-combine-harvester","status":"publish","type":"product","link":"https:\/\/games.tactic.net\/no\/tuote\/claas-lexion-480-combine-harvester\/","title":{"rendered":"Claas Lexion 480 skurtresker"},"content":{"rendered":"<p>Den bevegelige, avtakbare klippeanordningen med inntrekksrulle til Claas Lexion 480 skurtreskeren kan vippes opp og l\u00e5ses i posisjon. Halmkutteren kan ogs\u00e5 vippes opp og kornr\u00f8ret svinges ut. Kornbeholderklaffen og luken \u00e5pnes, rotasjonsfilteret svinger oppover, og den avtakbare klippeanordningen kan slepes av den medf\u00f8lgende tilhengeren. Slitebanedekk fullf\u00f8rer bildet.<\/p>\n","protected":false},"excerpt":{"rendered":"<p>Skurtreskerens bevegelige og avtakbare kutteenhet kan vippes opp og l\u00e5ses i posisjonen. Skj\u00e6reenheten kan ogs\u00e5 vippes opp slik at korn r\u00f8ret avdekkes. Korntanken kan \u00e5pnes og det roterende filtret snurres oppover, kutteenheten kan bli dras etter treskeren med den spesielle vognen.<\/p>\n","protected":false},"featured_media":0,"template":"","meta":{"content-type":"","_monsterinsights_skip_tracking":false,"_monsterinsights_sitenote_active":false,"_monsterinsights_sitenote_note":"","_monsterinsights_sitenote_category":0},"product_brand":[],"product_cat":[1705],"product_tag":[],"brand":[],"target-group":[],"discontinued":[],"class_list":{"0":"post-354346","1":"product","2":"type-product","3":"status-publish","5":"product_cat-bruder-leker","7":"first","8":"instock","9":"taxable","10":"shipping-taxable","11":"product-type-simple"},"aioseo_notices":[],"_links":{"self":[{"href":"https:\/\/games.tactic.net\/no\/wp-json\/wp\/v2\/product\/354346","targetHints":{"allow":["GET"]}}],"collection":[{"href":"https:\/\/games.tactic.net\/no\/wp-json\/wp\/v2\/product"}],"about":[{"href":"https:\/\/games.tactic.net\/no\/wp-json\/wp\/v2\/types\/product"}],"wp:attachment":[{"href":"https:\/\/games.tactic.net\/no\/wp-json\/wp\/v2\/media?parent=354346"}],"wp:term":[{"taxonomy":"product_brand","embeddable":true,"href":"https:\/\/games.tactic.net\/no\/wp-json\/wp\/v2\/product_brand?post=354346"},{"taxonomy":"product_cat","embeddable":true,"href":"https:\/\/games.tactic.net\/no\/wp-json\/wp\/v2\/product_cat?post=354346"},{"taxonomy":"product_tag","embeddable":true,"href":"https:\/\/games.tactic.net\/no\/wp-json\/wp\/v2\/product_tag?post=354346"},{"taxonomy":"brand","embeddable":true,"href":"https:\/\/games.tactic.net\/no\/wp-json\/wp\/v2\/brand?post=354346"},{"taxonomy":"target-group","embeddable":true,"href":"https:\/\/games.tactic.net\/no\/wp-json\/wp\/v2\/target-group?post=354346"},{"taxonomy":"discontinued","embeddable":true,"href":"https:\/\/games.tactic.net\/no\/wp-json\/wp\/v2\/discontinued?post=354346"}],"curies":[{"name":"wp","href":"https:\/\/api.w.org\/{rel}","templated":true}]}}