{"id":354317,"date":"2022-01-24T15:44:26","date_gmt":"2022-01-24T13:44:26","guid":{"rendered":"https:\/\/games.tactic.net\/tuote\/claas-lexion-780-terra-trac-combine-harvester\/"},"modified":"2025-01-13T09:37:55","modified_gmt":"2025-01-13T07:37:55","slug":"claas-lexion-780-terra-trac-combine-harvester","status":"archive","type":"product","link":"https:\/\/games.tactic.net\/no\/tuote\/claas-lexion-780-terra-trac-combine-harvester\/","title":{"rendered":"Claas Lexion 780 Terra Trac skurtresker"},"content":{"rendered":"<p>Claas Lexion 780 Terra Trac skurtreskeren er ekstremt realistisk. Det store antallet funksjoner, st\u00f8rrelse og utf\u00f8relse er forbl\u00f8ffende. Larvesporene er spesielt bemerkelsesverdige. TERRA TRAC er en innovativ utvikling av selskapet Claas. Dagens megah\u00f8stemaskiner er s\u00e5 kraftige og tunge at disse innovative utviklingene kreves for \u00e5 spre presset og ta godt vare p\u00e5 bakken. Dette \u00f8ker ogs\u00e5 effektiviteten under h\u00f8sting fordi motstanden reduseres og sklir sjeldnere. BRUDER er verdens f\u00f8rste selskap som bringer en fullt funksjonell TERRA TRAC beltemodell p\u00e5 markedet med robuste belter i skala 1:16. Uanstrengt styring gj\u00f8r det enkelt for sm\u00e5 hender \u00e5 man\u00f8vrere den store modellen. Klippeenheten kan ogs\u00e5 brukes terreng og har automatisk niv\u00e5kontroll. Etter at arbeidet er fullf\u00f8rt, kan det henges fra trekkstangkoblingen til skurtreskeren ved hjelp av en klippeenhetsvogn. Snellen som drives av et friksjonsdrev og den p\u00e5fyllbare korntanken som t\u00f8mmes gjennom avl\u00f8psr\u00f8ret via en manuell spindeldrift er andre spesialfunksjoner som kan lekes med. Derfor er det praktisk talt ingenting du ikke kan gj\u00f8re n\u00e5r du kopierer funksjonene til en ekte skurtresker. Den \u00e5pningsbare d\u00f8ren og f\u00f8rerhuset passer perfekt til bworld-figuren (f\u00f8lger ikke med), og mange klaffer og mulige justeringer avrunder moroa.<\/p>\n","protected":false},"excerpt":{"rendered":"<p>Skurtreskerens mange funksjoner, st\u00f8rrelse og kvalitet garanterer mye moro. Den helt funksjonelle treskeren med robuste belter er lett \u00e5 h\u00e5ndtere. Treske enheten kan ogs\u00e5 brukes utenfor veien og har en automatisk h\u00f8yde kontroll. Korntanken kan fylles, og t\u00f8mmes gjennom et manuelt drivverk. Treskeren har ogs\u00e5 andre spesielle egenskaper som kan lekes med.<\/p>\n","protected":false},"featured_media":0,"template":"","meta":{"content-type":"","_monsterinsights_skip_tracking":false,"_monsterinsights_sitenote_active":false,"_monsterinsights_sitenote_note":"","_monsterinsights_sitenote_category":0},"product_brand":[],"product_cat":[1705],"product_tag":[],"brand":[],"target-group":[],"discontinued":[],"class_list":{"0":"post-354317","1":"product","2":"type-product","3":"status-archive","5":"product_cat-bruder-leker","7":"first","8":"outofstock","9":"taxable","10":"shipping-taxable","11":"product-type-simple"},"aioseo_notices":[],"_links":{"self":[{"href":"https:\/\/games.tactic.net\/no\/wp-json\/wp\/v2\/product\/354317","targetHints":{"allow":["GET"]}}],"collection":[{"href":"https:\/\/games.tactic.net\/no\/wp-json\/wp\/v2\/product"}],"about":[{"href":"https:\/\/games.tactic.net\/no\/wp-json\/wp\/v2\/types\/product"}],"wp:attachment":[{"href":"https:\/\/games.tactic.net\/no\/wp-json\/wp\/v2\/media?parent=354317"}],"wp:term":[{"taxonomy":"product_brand","embeddable":true,"href":"https:\/\/games.tactic.net\/no\/wp-json\/wp\/v2\/product_brand?post=354317"},{"taxonomy":"product_cat","embeddable":true,"href":"https:\/\/games.tactic.net\/no\/wp-json\/wp\/v2\/product_cat?post=354317"},{"taxonomy":"product_tag","embeddable":true,"href":"https:\/\/games.tactic.net\/no\/wp-json\/wp\/v2\/product_tag?post=354317"},{"taxonomy":"brand","embeddable":true,"href":"https:\/\/games.tactic.net\/no\/wp-json\/wp\/v2\/brand?post=354317"},{"taxonomy":"target-group","embeddable":true,"href":"https:\/\/games.tactic.net\/no\/wp-json\/wp\/v2\/target-group?post=354317"},{"taxonomy":"discontinued","embeddable":true,"href":"https:\/\/games.tactic.net\/no\/wp-json\/wp\/v2\/discontinued?post=354317"}],"curies":[{"name":"wp","href":"https:\/\/api.w.org\/{rel}","templated":true}]}}