{"id":354259,"date":"2022-01-24T15:44:07","date_gmt":"2022-01-24T13:44:07","guid":{"rendered":"https:\/\/games.tactic.net\/tuote\/claas-nectis-267-f\/"},"modified":"2023-10-20T15:43:14","modified_gmt":"2023-10-20T12:43:14","slug":"claas-nectis-267-f","status":"publish","type":"product","link":"https:\/\/games.tactic.net\/no\/tuote\/claas-nectis-267-f\/","title":{"rendered":"Claas Nectis 267 F tractor toy"},"content":{"rendered":"<p>Claas, spesialisten p\u00e5 landbruksutstyr, har nylig begynt \u00e5 tilby et komplett utvalg av traktorer. Blant sine linjer med traktorer er Nectis-serien som hovedsakelig er designet for bruk i ving\u00e5rder og frukthager. Takket v\u00e6re den imponerende motoren, den spesielle chassisdesignen og den ekstreme svingvinkelen p\u00e5 rattet for omr\u00e5der med begrenset plass, kan denne traktoren man\u00f8vrere med letthet selv i ulendt terreng. Den ekspansive innglassingen av f\u00f8rerhuset betyr at f\u00f8reren har fri sikt hele veien rundt. Ved \u00e5 legge til denne 1:16-modellen til sin serie av leket\u00f8ystraktorer, runder BRUDER av sin ekstremt vellykkede serie med Claas-produkter. Selvf\u00f8lgelig har denne traktoren ogs\u00e5 de typiske BRUDER-egenskapene og kan kombineres med alt landbruksutstyr som er tilgjengelig fra BRUDER. Modellen er tilgjengelig i en grunnversjon uten frontlaster og i en utvidet versjon med frontlaster.<\/p>\n","protected":false},"excerpt":{"rendered":"<p>Denne Nectis 267 F fra Claas er designet for bruk p\u00e5 ving\u00e5rden, frukthagen eller andre smale plasser. Takket v\u00e6re den kraftfulle motoren, rammens spesielle design og den ekstreme svingradiusen p\u00e5 rattet gj\u00f8r at du enkelt kan man\u00f8vrere denne traktoren.<\/p>\n","protected":false},"featured_media":0,"template":"","meta":{"content-type":"","_monsterinsights_skip_tracking":false,"_monsterinsights_sitenote_active":false,"_monsterinsights_sitenote_note":"","_monsterinsights_sitenote_category":0},"product_brand":[],"product_cat":[1705],"product_tag":[],"brand":[],"target-group":[],"discontinued":[],"class_list":{"0":"post-354259","1":"product","2":"type-product","3":"status-publish","5":"product_cat-bruder-leker","7":"first","8":"instock","9":"taxable","10":"shipping-taxable","11":"product-type-simple"},"aioseo_notices":[],"_links":{"self":[{"href":"https:\/\/games.tactic.net\/no\/wp-json\/wp\/v2\/product\/354259","targetHints":{"allow":["GET"]}}],"collection":[{"href":"https:\/\/games.tactic.net\/no\/wp-json\/wp\/v2\/product"}],"about":[{"href":"https:\/\/games.tactic.net\/no\/wp-json\/wp\/v2\/types\/product"}],"wp:attachment":[{"href":"https:\/\/games.tactic.net\/no\/wp-json\/wp\/v2\/media?parent=354259"}],"wp:term":[{"taxonomy":"product_brand","embeddable":true,"href":"https:\/\/games.tactic.net\/no\/wp-json\/wp\/v2\/product_brand?post=354259"},{"taxonomy":"product_cat","embeddable":true,"href":"https:\/\/games.tactic.net\/no\/wp-json\/wp\/v2\/product_cat?post=354259"},{"taxonomy":"product_tag","embeddable":true,"href":"https:\/\/games.tactic.net\/no\/wp-json\/wp\/v2\/product_tag?post=354259"},{"taxonomy":"brand","embeddable":true,"href":"https:\/\/games.tactic.net\/no\/wp-json\/wp\/v2\/brand?post=354259"},{"taxonomy":"target-group","embeddable":true,"href":"https:\/\/games.tactic.net\/no\/wp-json\/wp\/v2\/target-group?post=354259"},{"taxonomy":"discontinued","embeddable":true,"href":"https:\/\/games.tactic.net\/no\/wp-json\/wp\/v2\/discontinued?post=354259"}],"curies":[{"name":"wp","href":"https:\/\/api.w.org\/{rel}","templated":true}]}}