{"id":354230,"date":"2022-01-24T15:43:58","date_gmt":"2022-01-24T13:43:58","guid":{"rendered":"https:\/\/games.tactic.net\/tuote\/john-deere-5115-m\/"},"modified":"2023-10-20T16:02:42","modified_gmt":"2023-10-20T13:02:42","slug":"john-deere-5115-m","status":"publish","type":"product","link":"https:\/\/games.tactic.net\/no\/tuote\/john-deere-5115-m\/","title":{"rendered":"John Deere 5115M tractor toy"},"content":{"rendered":"<p>Som et tillegg til de mange John Deere-varene fra det omfattende BRUDER-utvalget, har den n\u00e5 ogs\u00e5 John Deere 5115M. Modellen fra 5M traktorserien imponerer spesielt med sine detaljerte egenskaper, kompakte dimensjoner og smidighet. Dens spesielt gode man\u00f8vrerbarhet gj\u00f8r at den kan fungere perfekt i et begrenset rom eller enkelt parkere den i bworld maskinhallen. Det store og oversiktlige f\u00f8rerhuset er tilpasset figurer og gj\u00f8r dem i stand til \u00e5 navigere spesielt godt i traktoren. Akkurat som alle andre traktorer i BRUDER-serien, kan John Deere 5115M styres ved hjelp av den ekstra trekklenken etter \u00e5 ha plassert den p\u00e5 det bevegelige rattet gjennom skyvetaket. Denne modellen er ogs\u00e5 i skala 1:16 for \u00e5 tillate deg \u00e5 etablere et spesielt tiltalende spillemilj\u00f8 med forskjellige BRUDER-produkter. Den avtakbare frontvekten i kombinasjon med dragkoblingen gj\u00f8r det mulig \u00e5 feste en rekke redskaper og tilhengere fra hele serien. Den separat tilgjengelige slip-on frontlasteren forbedrer traktorens funksjonalitet enda mer. John Deere 5115M er stjernen i kompakttraktorklassen p\u00e5 g\u00e5rden. Det store f\u00f8rerhuset skiller seg ut med god plass for f\u00f8rere \u00e5 bevege seg. Motoren er kraftig. Allsidighet er dens spesielle egenskap. Uansett om traktoren transporterer varer p\u00e5 veien eller den brukes med redskaper p\u00e5 feltet, vil ytelsen til denne traktoren alltid bekrefte at du har gjort det riktige valget. Leken er ikke annerledes. Som vanlig gj\u00f8r modelltypen design knyttet til holdbarhet og allsidige funksjoner den kompatibel med det store utvalget av BRUDER landbruksenheter. Styringen gj\u00f8r den smidig, og en ekstra slepekobling gj\u00f8r det mulig \u00e5 styre gjennom skyvetaket, akkurat som de store BRUDER-modellene. Kan utstyres med slip-on frontlaster. Denne tiltalende og konkurransedyktige traktoren er det ideelle tillegget til bworld-temaverdener.<\/p>\n","protected":false},"excerpt":{"rendered":"<p>Automotive body: detachable front weight, receiver for front loader, standard front and rear coupling Chassis: steerable, off-road full floating axle, steerable and off-road front axle, tread tyres.<\/p>\n","protected":false},"featured_media":0,"template":"","meta":{"content-type":"","_monsterinsights_skip_tracking":false,"_monsterinsights_sitenote_active":false,"_monsterinsights_sitenote_note":"","_monsterinsights_sitenote_category":0},"product_brand":[],"product_cat":[1705],"product_tag":[],"brand":[],"target-group":[],"discontinued":[],"class_list":{"0":"post-354230","1":"product","2":"type-product","3":"status-publish","5":"product_cat-bruder-leker","7":"first","8":"instock","9":"taxable","10":"shipping-taxable","11":"product-type-simple"},"aioseo_notices":[],"_links":{"self":[{"href":"https:\/\/games.tactic.net\/no\/wp-json\/wp\/v2\/product\/354230","targetHints":{"allow":["GET"]}}],"collection":[{"href":"https:\/\/games.tactic.net\/no\/wp-json\/wp\/v2\/product"}],"about":[{"href":"https:\/\/games.tactic.net\/no\/wp-json\/wp\/v2\/types\/product"}],"wp:attachment":[{"href":"https:\/\/games.tactic.net\/no\/wp-json\/wp\/v2\/media?parent=354230"}],"wp:term":[{"taxonomy":"product_brand","embeddable":true,"href":"https:\/\/games.tactic.net\/no\/wp-json\/wp\/v2\/product_brand?post=354230"},{"taxonomy":"product_cat","embeddable":true,"href":"https:\/\/games.tactic.net\/no\/wp-json\/wp\/v2\/product_cat?post=354230"},{"taxonomy":"product_tag","embeddable":true,"href":"https:\/\/games.tactic.net\/no\/wp-json\/wp\/v2\/product_tag?post=354230"},{"taxonomy":"brand","embeddable":true,"href":"https:\/\/games.tactic.net\/no\/wp-json\/wp\/v2\/brand?post=354230"},{"taxonomy":"target-group","embeddable":true,"href":"https:\/\/games.tactic.net\/no\/wp-json\/wp\/v2\/target-group?post=354230"},{"taxonomy":"discontinued","embeddable":true,"href":"https:\/\/games.tactic.net\/no\/wp-json\/wp\/v2\/discontinued?post=354230"}],"curies":[{"name":"wp","href":"https:\/\/api.w.org\/{rel}","templated":true}]}}