{"id":354215,"date":"2022-01-24T15:43:49","date_gmt":"2022-01-24T13:43:49","guid":{"rendered":"https:\/\/games.tactic.net\/tuote\/fendt-209-s-with-tipping-trailer\/"},"modified":"2024-01-08T09:41:00","modified_gmt":"2024-01-08T07:41:00","slug":"fendt-209-s-with-tipping-trailer","status":"archive","type":"product","link":"https:\/\/games.tactic.net\/no\/tuote\/fendt-209-s-with-tipping-trailer\/","title":{"rendered":"Bruder Fendt 209 S with tipping trailer"},"content":{"rendered":"<p>Fendt 209 S sammen med den lett styrte hengeren er perfekt for sm\u00e5 farmere siden modellen imiterer helt realistisk bruken av det ekte kj\u00f8ret\u00f8yet. De har mange egenskaper \u00e5 leke med, for eksempel nedfell bare lemmer.<\/p>\n","protected":false},"excerpt":{"rendered":"<p>Fendt 209 S sammen med den lett styrte hengeren er perfekt for sm\u00e5 farmere siden modellen imiterer helt realistisk bruken av det ekte kj\u00f8ret\u00f8yet. De har mange egenskaper \u00e5 leke med, for eksempel nedfell bare lemmer.<\/p>\n","protected":false},"featured_media":0,"template":"","meta":{"content-type":"","_monsterinsights_skip_tracking":false,"_monsterinsights_sitenote_active":false,"_monsterinsights_sitenote_note":"","_monsterinsights_sitenote_category":0},"product_brand":[],"product_cat":[1705],"product_tag":[],"brand":[],"target-group":[],"discontinued":[],"class_list":{"0":"post-354215","1":"product","2":"type-product","3":"status-archive","5":"product_cat-bruder-leker","7":"first","8":"outofstock","9":"taxable","10":"shipping-taxable","11":"product-type-simple"},"aioseo_notices":[],"_links":{"self":[{"href":"https:\/\/games.tactic.net\/no\/wp-json\/wp\/v2\/product\/354215","targetHints":{"allow":["GET"]}}],"collection":[{"href":"https:\/\/games.tactic.net\/no\/wp-json\/wp\/v2\/product"}],"about":[{"href":"https:\/\/games.tactic.net\/no\/wp-json\/wp\/v2\/types\/product"}],"wp:attachment":[{"href":"https:\/\/games.tactic.net\/no\/wp-json\/wp\/v2\/media?parent=354215"}],"wp:term":[{"taxonomy":"product_brand","embeddable":true,"href":"https:\/\/games.tactic.net\/no\/wp-json\/wp\/v2\/product_brand?post=354215"},{"taxonomy":"product_cat","embeddable":true,"href":"https:\/\/games.tactic.net\/no\/wp-json\/wp\/v2\/product_cat?post=354215"},{"taxonomy":"product_tag","embeddable":true,"href":"https:\/\/games.tactic.net\/no\/wp-json\/wp\/v2\/product_tag?post=354215"},{"taxonomy":"brand","embeddable":true,"href":"https:\/\/games.tactic.net\/no\/wp-json\/wp\/v2\/brand?post=354215"},{"taxonomy":"target-group","embeddable":true,"href":"https:\/\/games.tactic.net\/no\/wp-json\/wp\/v2\/target-group?post=354215"},{"taxonomy":"discontinued","embeddable":true,"href":"https:\/\/games.tactic.net\/no\/wp-json\/wp\/v2\/discontinued?post=354215"}],"curies":[{"name":"wp","href":"https:\/\/api.w.org\/{rel}","templated":true}]}}