{"id":354172,"date":"2022-01-24T15:43:38","date_gmt":"2022-01-24T13:43:38","guid":{"rendered":"https:\/\/games.tactic.net\/tuote\/john-deere-6920-with-frontloader\/"},"modified":"2023-10-20T16:03:36","modified_gmt":"2023-10-20T13:03:36","slug":"john-deere-6920-with-frontloader","status":"publish","type":"product","link":"https:\/\/games.tactic.net\/no\/tuote\/john-deere-6920-with-frontloader\/","title":{"rendered":"John Deere 6920 med frontlaster"},"content":{"rendered":"<p>Akkurat som alle traktorer i Profi-serien, kan denne originale traktoren ogs\u00e5 utstyres med tvillingdekk (ingen av dem er inkludert). Terrengforakselen kan styres direkte b\u00e5de via rattet i f\u00f8rerhuset og via en vedlagt styrestagforlengelse som barna kan f\u00f8re inn p\u00e5 rattet gjennom skyvetaket i f\u00f8rerhuset. Den fullt fungerende frontlasteren kan enkelt klippes p\u00e5 og tas av igjen ved \u00e5 fjerne frontvekten. Motorpanseret kan \u00e5pnes for \u00e5 avsl\u00f8re motorblokken. Gummidekk fullf\u00f8rer bildet. Alle de mange tilhengerne og hengte redskapene i Profi-serien kan kombineres med John Deere 6920-traktoren, slik at sm\u00e5b\u00f8ndene kan gjenskape arbeidet p\u00e5 \u00e5krene og produksjonen av landbruksprodukter.<\/p>\n","protected":false},"excerpt":{"rendered":"<p>Den klassiske John Deere 6920 traktoren utstyrt med en helt funksjonell frontlaster. Frontlasteren kan enkelt festes og fjernes igjen ved \u00e5 ta bort frontvekten. Du kan \u00e5pne panseret for \u00e5 ta en kikk p\u00e5 motoren.<\/p>\n","protected":false},"featured_media":0,"template":"","meta":{"content-type":"","_monsterinsights_skip_tracking":false,"_monsterinsights_sitenote_active":false,"_monsterinsights_sitenote_note":"","_monsterinsights_sitenote_category":0},"product_brand":[],"product_cat":[1705],"product_tag":[],"brand":[],"target-group":[],"discontinued":[],"class_list":{"0":"post-354172","1":"product","2":"type-product","3":"status-publish","5":"product_cat-bruder-leker","7":"first","8":"instock","9":"taxable","10":"shipping-taxable","11":"product-type-simple"},"aioseo_notices":[],"_links":{"self":[{"href":"https:\/\/games.tactic.net\/no\/wp-json\/wp\/v2\/product\/354172","targetHints":{"allow":["GET"]}}],"collection":[{"href":"https:\/\/games.tactic.net\/no\/wp-json\/wp\/v2\/product"}],"about":[{"href":"https:\/\/games.tactic.net\/no\/wp-json\/wp\/v2\/types\/product"}],"wp:attachment":[{"href":"https:\/\/games.tactic.net\/no\/wp-json\/wp\/v2\/media?parent=354172"}],"wp:term":[{"taxonomy":"product_brand","embeddable":true,"href":"https:\/\/games.tactic.net\/no\/wp-json\/wp\/v2\/product_brand?post=354172"},{"taxonomy":"product_cat","embeddable":true,"href":"https:\/\/games.tactic.net\/no\/wp-json\/wp\/v2\/product_cat?post=354172"},{"taxonomy":"product_tag","embeddable":true,"href":"https:\/\/games.tactic.net\/no\/wp-json\/wp\/v2\/product_tag?post=354172"},{"taxonomy":"brand","embeddable":true,"href":"https:\/\/games.tactic.net\/no\/wp-json\/wp\/v2\/brand?post=354172"},{"taxonomy":"target-group","embeddable":true,"href":"https:\/\/games.tactic.net\/no\/wp-json\/wp\/v2\/target-group?post=354172"},{"taxonomy":"discontinued","embeddable":true,"href":"https:\/\/games.tactic.net\/no\/wp-json\/wp\/v2\/discontinued?post=354172"}],"curies":[{"name":"wp","href":"https:\/\/api.w.org\/{rel}","templated":true}]}}