{"id":354114,"date":"2022-01-24T15:43:17","date_gmt":"2022-01-24T13:43:17","guid":{"rendered":"https:\/\/games.tactic.net\/tuote\/lemken-solitair-9-sowing-combination\/"},"modified":"2023-10-20T16:12:38","modified_gmt":"2023-10-20T13:12:38","slug":"lemken-solitair-9-sowing-combination","status":"publish","type":"product","link":"https:\/\/games.tactic.net\/no\/tuote\/lemken-solitair-9-sowing-combination\/","title":{"rendered":"LEMKEN Solitair 9 s\u00e5kombinasjon"},"content":{"rendered":"<p>LEMKEN-bedriften tilbyr sine kunder et omfattende utvalg produkter for jordbehandling, s\u00e5ing og plantevern. Det er like mange jordbehandlingsprosesser som det er forskjellige typer jord. For \u00e5 gj\u00f8re jordbehandlingen raskere og mer effektiv, kan b\u00f8ndene ty til kombinerte prosedyrer som er i stand til \u00e5 gi utmerkede resultater selv i d\u00e5rlige v\u00e6rforhold. Et eksempel p\u00e5 et slikt redskap er s\u00e5maskinen Solitair 9 fra LEMKEN. Med dette imponerende redskapet beviser BRUDER nok en gang at originale h\u00f8yteknologiske kj\u00f8ret\u00f8y kan gj\u00f8res om til sv\u00e6rt attraktive lekekj\u00f8ret\u00f8y med en enest\u00e5ende morofaktor. Dette er en virkelig nyskapende utvidelse av BRUDERs linje med landbruksutstyr. Dette slepte redskapet kan kobles til alle traktorer og MB Unimogs i Profi-serien.<\/p>\n","protected":false},"excerpt":{"rendered":"<p>Tid for \u00e5 s\u00e5! Denne kombinasjons s\u00e5maskinen har mange bevegelige deler som gj\u00f8r leken interessant: fr\u00f8 tank, sammen leggbare trapper, harv, fr\u00f8spreder, slanger og mye mer!<\/p>\n","protected":false},"featured_media":0,"template":"","meta":{"content-type":"","_monsterinsights_skip_tracking":false,"_monsterinsights_sitenote_active":false,"_monsterinsights_sitenote_note":"","_monsterinsights_sitenote_category":0},"product_brand":[],"product_cat":[1705],"product_tag":[],"brand":[],"target-group":[],"discontinued":[],"class_list":{"0":"post-354114","1":"product","2":"type-product","3":"status-publish","5":"product_cat-bruder-leker","7":"first","8":"outofstock","9":"taxable","10":"shipping-taxable","11":"product-type-simple"},"aioseo_notices":[],"_links":{"self":[{"href":"https:\/\/games.tactic.net\/no\/wp-json\/wp\/v2\/product\/354114","targetHints":{"allow":["GET"]}}],"collection":[{"href":"https:\/\/games.tactic.net\/no\/wp-json\/wp\/v2\/product"}],"about":[{"href":"https:\/\/games.tactic.net\/no\/wp-json\/wp\/v2\/types\/product"}],"wp:attachment":[{"href":"https:\/\/games.tactic.net\/no\/wp-json\/wp\/v2\/media?parent=354114"}],"wp:term":[{"taxonomy":"product_brand","embeddable":true,"href":"https:\/\/games.tactic.net\/no\/wp-json\/wp\/v2\/product_brand?post=354114"},{"taxonomy":"product_cat","embeddable":true,"href":"https:\/\/games.tactic.net\/no\/wp-json\/wp\/v2\/product_cat?post=354114"},{"taxonomy":"product_tag","embeddable":true,"href":"https:\/\/games.tactic.net\/no\/wp-json\/wp\/v2\/product_tag?post=354114"},{"taxonomy":"brand","embeddable":true,"href":"https:\/\/games.tactic.net\/no\/wp-json\/wp\/v2\/brand?post=354114"},{"taxonomy":"target-group","embeddable":true,"href":"https:\/\/games.tactic.net\/no\/wp-json\/wp\/v2\/target-group?post=354114"},{"taxonomy":"discontinued","embeddable":true,"href":"https:\/\/games.tactic.net\/no\/wp-json\/wp\/v2\/discontinued?post=354114"}],"curies":[{"name":"wp","href":"https:\/\/api.w.org\/{rel}","templated":true}]}}