{"id":354085,"date":"2022-01-24T15:43:08","date_gmt":"2022-01-24T13:43:08","guid":{"rendered":"https:\/\/games.tactic.net\/tuote\/fliegl-barrel-trailer-with-spread-tubes\/"},"modified":"2023-10-20T15:52:24","modified_gmt":"2023-10-20T12:52:24","slug":"fliegl-barrel-trailer-with-spread-tubes","status":"publish","type":"product","link":"https:\/\/games.tactic.net\/no\/tuote\/fliegl-barrel-trailer-with-spread-tubes\/","title":{"rendered":"Fliegl t\u00f8nnehenger med spreder\u00f8r"},"content":{"rendered":"<p>Fliegl t\u00f8nnehengeren med spreder\u00f8r kan fylles med vann og lukkes med lokk. T\u00f8nnehengeren kan t\u00f8mmes igjen via utl\u00f8psventilen. Spredningsr\u00f8rene kan foldes inn under kj\u00f8remodus. T\u00f8nnehengeren med spreder\u00f8r passer for alle traktorer i Profi-serien (ikke inkludert).<\/p>\n","protected":false},"excerpt":{"rendered":"<p>Tankhengeren med spreder fra Fliegl kan fylles med vann og lukket med et lokk. Tankhengeren kan t\u00f8mmes igjen gjennom bunnventilen. Sprederen kan foldes inn under kj\u00f8remodus.<\/p>\n","protected":false},"featured_media":0,"template":"","meta":{"content-type":"","_monsterinsights_skip_tracking":false,"_monsterinsights_sitenote_active":false,"_monsterinsights_sitenote_note":"","_monsterinsights_sitenote_category":0},"product_brand":[],"product_cat":[1705],"product_tag":[],"brand":[],"target-group":[],"discontinued":[],"class_list":{"0":"post-354085","1":"product","2":"type-product","3":"status-publish","5":"product_cat-bruder-leker","7":"first","8":"outofstock","9":"taxable","10":"shipping-taxable","11":"product-type-simple"},"aioseo_notices":[],"_links":{"self":[{"href":"https:\/\/games.tactic.net\/no\/wp-json\/wp\/v2\/product\/354085","targetHints":{"allow":["GET"]}}],"collection":[{"href":"https:\/\/games.tactic.net\/no\/wp-json\/wp\/v2\/product"}],"about":[{"href":"https:\/\/games.tactic.net\/no\/wp-json\/wp\/v2\/types\/product"}],"wp:attachment":[{"href":"https:\/\/games.tactic.net\/no\/wp-json\/wp\/v2\/media?parent=354085"}],"wp:term":[{"taxonomy":"product_brand","embeddable":true,"href":"https:\/\/games.tactic.net\/no\/wp-json\/wp\/v2\/product_brand?post=354085"},{"taxonomy":"product_cat","embeddable":true,"href":"https:\/\/games.tactic.net\/no\/wp-json\/wp\/v2\/product_cat?post=354085"},{"taxonomy":"product_tag","embeddable":true,"href":"https:\/\/games.tactic.net\/no\/wp-json\/wp\/v2\/product_tag?post=354085"},{"taxonomy":"brand","embeddable":true,"href":"https:\/\/games.tactic.net\/no\/wp-json\/wp\/v2\/brand?post=354085"},{"taxonomy":"target-group","embeddable":true,"href":"https:\/\/games.tactic.net\/no\/wp-json\/wp\/v2\/target-group?post=354085"},{"taxonomy":"discontinued","embeddable":true,"href":"https:\/\/games.tactic.net\/no\/wp-json\/wp\/v2\/discontinued?post=354085"}],"curies":[{"name":"wp","href":"https:\/\/api.w.org\/{rel}","templated":true}]}}