{"id":354056,"date":"2022-01-24T15:42:58","date_gmt":"2022-01-24T13:42:58","guid":{"rendered":"https:\/\/games.tactic.net\/tuote\/tipping-trailer\/"},"modified":"2023-10-20T17:05:22","modified_gmt":"2023-10-20T14:05:22","slug":"tipping-trailer","status":"publish","type":"product","link":"https:\/\/games.tactic.net\/no\/tuote\/tipping-trailer\/","title":{"rendered":"Tipphenger"},"content":{"rendered":"<p>Sm\u00e5 og lettman\u00f8vrerte tilhengere brukes til mindre transportoppgaver innen bygg-, jordbruks- og skogindustrien. Disse tilhengerne trekkes vanligvis av forskjellige kj\u00f8ret\u00f8y, for eksempel sm\u00e5 traktorer, Unimogs og lette lastebiler. Dette er grunnen til at v\u00e5r Tipphenger passer perfekt til v\u00e5re BRUDER-traktorer, MB Unimog og Mercedes Benz Sprinter. De 3 nedfellbare brettene, den vippbare stavkroppen, samt den utfoldbare holderen s\u00f8rger for at det er mye moro \u00e5 ha med denne leken.<\/p>\n","protected":false},"excerpt":{"rendered":"<p>Sm\u00e5 og mobile tilhengere kreves for enkle transport oppgaver innen bygg, jordbruk og skogbruk. Tre av lemmene kan \u00e5pnes og sammen med den hydrauliske tippe mekanismen garanterer det for timer med lek.<\/p>\n","protected":false},"featured_media":0,"template":"","meta":{"content-type":"","_monsterinsights_skip_tracking":false,"_monsterinsights_sitenote_active":false,"_monsterinsights_sitenote_note":"","_monsterinsights_sitenote_category":0},"product_brand":[],"product_cat":[1705],"product_tag":[],"brand":[],"target-group":[],"discontinued":[],"class_list":{"0":"post-354056","1":"product","2":"type-product","3":"status-publish","5":"product_cat-bruder-leker","7":"first","8":"outofstock","9":"taxable","10":"shipping-taxable","11":"product-type-simple"},"aioseo_notices":[],"_links":{"self":[{"href":"https:\/\/games.tactic.net\/no\/wp-json\/wp\/v2\/product\/354056","targetHints":{"allow":["GET"]}}],"collection":[{"href":"https:\/\/games.tactic.net\/no\/wp-json\/wp\/v2\/product"}],"about":[{"href":"https:\/\/games.tactic.net\/no\/wp-json\/wp\/v2\/types\/product"}],"wp:attachment":[{"href":"https:\/\/games.tactic.net\/no\/wp-json\/wp\/v2\/media?parent=354056"}],"wp:term":[{"taxonomy":"product_brand","embeddable":true,"href":"https:\/\/games.tactic.net\/no\/wp-json\/wp\/v2\/product_brand?post=354056"},{"taxonomy":"product_cat","embeddable":true,"href":"https:\/\/games.tactic.net\/no\/wp-json\/wp\/v2\/product_cat?post=354056"},{"taxonomy":"product_tag","embeddable":true,"href":"https:\/\/games.tactic.net\/no\/wp-json\/wp\/v2\/product_tag?post=354056"},{"taxonomy":"brand","embeddable":true,"href":"https:\/\/games.tactic.net\/no\/wp-json\/wp\/v2\/brand?post=354056"},{"taxonomy":"target-group","embeddable":true,"href":"https:\/\/games.tactic.net\/no\/wp-json\/wp\/v2\/target-group?post=354056"},{"taxonomy":"discontinued","embeddable":true,"href":"https:\/\/games.tactic.net\/no\/wp-json\/wp\/v2\/discontinued?post=354056"}],"curies":[{"name":"wp","href":"https:\/\/api.w.org\/{rel}","templated":true}]}}