{"id":354027,"date":"2022-01-24T15:42:48","date_gmt":"2022-01-24T13:42:48","guid":{"rendered":"https:\/\/games.tactic.net\/tuote\/john-deere-big-balepress\/"},"modified":"2023-10-20T16:05:13","modified_gmt":"2023-10-20T13:05:13","slug":"john-deere-big-balepress","status":"publish","type":"product","link":"https:\/\/games.tactic.net\/no\/tuote\/john-deere-big-balepress\/","title":{"rendered":"John Deere storballepresse"},"content":{"rendered":"<p>Snap-down stabilisatoren gir John Deere storballepressen sikker st\u00f8tte. Pressen har snorbinger som kan \u00e5pnes. Serviceklaffen med pressemekanisme kan ogs\u00e5 \u00e5pnes. H\u00f8yraken drives i kj\u00f8remodus der to h\u00f8yballer automatisk kan transporteres til utkastrenna. H\u00f8yballeruten kan vippes opp i to trinn med kjeder. John Deere storballepresse passer for alle traktorer i Profi-serien (ikke inkludert).<\/p>\n","protected":false},"excerpt":{"rendered":"<p>Den store halmpressen er perfekt for innh\u00f8stingstiden. Kj\u00f8r langs raden av t\u00f8rket halm og legg igjen halmballene fra den regulerbare rampen. Fell ned stabilisatoren for mere st\u00f8tte.<\/p>\n","protected":false},"featured_media":0,"template":"","meta":{"content-type":"","_monsterinsights_skip_tracking":false,"_monsterinsights_sitenote_active":false,"_monsterinsights_sitenote_note":"","_monsterinsights_sitenote_category":0},"product_brand":[],"product_cat":[1705],"product_tag":[],"brand":[],"target-group":[],"discontinued":[],"class_list":{"0":"post-354027","1":"product","2":"type-product","3":"status-publish","5":"product_cat-bruder-leker","7":"first","8":"instock","9":"taxable","10":"shipping-taxable","11":"product-type-simple"},"aioseo_notices":[],"_links":{"self":[{"href":"https:\/\/games.tactic.net\/no\/wp-json\/wp\/v2\/product\/354027","targetHints":{"allow":["GET"]}}],"collection":[{"href":"https:\/\/games.tactic.net\/no\/wp-json\/wp\/v2\/product"}],"about":[{"href":"https:\/\/games.tactic.net\/no\/wp-json\/wp\/v2\/types\/product"}],"wp:attachment":[{"href":"https:\/\/games.tactic.net\/no\/wp-json\/wp\/v2\/media?parent=354027"}],"wp:term":[{"taxonomy":"product_brand","embeddable":true,"href":"https:\/\/games.tactic.net\/no\/wp-json\/wp\/v2\/product_brand?post=354027"},{"taxonomy":"product_cat","embeddable":true,"href":"https:\/\/games.tactic.net\/no\/wp-json\/wp\/v2\/product_cat?post=354027"},{"taxonomy":"product_tag","embeddable":true,"href":"https:\/\/games.tactic.net\/no\/wp-json\/wp\/v2\/product_tag?post=354027"},{"taxonomy":"brand","embeddable":true,"href":"https:\/\/games.tactic.net\/no\/wp-json\/wp\/v2\/brand?post=354027"},{"taxonomy":"target-group","embeddable":true,"href":"https:\/\/games.tactic.net\/no\/wp-json\/wp\/v2\/target-group?post=354027"},{"taxonomy":"discontinued","embeddable":true,"href":"https:\/\/games.tactic.net\/no\/wp-json\/wp\/v2\/discontinued?post=354027"}],"curies":[{"name":"wp","href":"https:\/\/api.w.org\/{rel}","templated":true}]}}