{"id":353306,"date":"2022-01-24T14:48:18","date_gmt":"2022-01-24T12:48:18","guid":{"rendered":"https:\/\/games.tactic.net\/tuote\/iknow-all-in\/"},"modified":"2022-11-02T12:35:48","modified_gmt":"2022-11-02T10:35:48","slug":"iknow-all-in","status":"publish","type":"product","link":"https:\/\/games.tactic.net\/no\/tuote\/iknow-all-in\/","title":{"rendered":"iKNOW All In board game"},"content":{"rendered":"<p>Hvor mye vet egentlige dine venner? Besvar sp\u00f8rsm\u00e5l ved \u00e5 velge ett av svaralternativene, mens de andre spillerne vedder p\u00e5 om du svarer riktig eller galt.<br \/>\nEn allsidig versjon av dette popul\u00e6re spillet.<br \/>\nSvaralternativene gj\u00f8r spillet tilgjengelig for spillere p\u00e5 alle niv\u00e5er.<br \/>\nAlle spiller samtidig!<\/p>\n","protected":false},"excerpt":{"rendered":"<p>Hvor mye vet egentlige dine venner? Besvar sp\u00f8rsm\u00e5l ved \u00e5 velge ett av svaralternativene, mens de andre spillerne vedder p\u00e5 om du svarer riktig eller galt.<\/p>\n","protected":false},"featured_media":0,"template":"","meta":{"content-type":"","_monsterinsights_skip_tracking":false,"_monsterinsights_sitenote_active":false,"_monsterinsights_sitenote_note":"","_monsterinsights_sitenote_category":0},"product_brand":[],"product_cat":[1665,1664],"product_tag":[1274],"brand":[{"id":2092,"name":"iKNOW","slug":"iknow_no"}],"target-group":[],"discontinued":[],"class_list":{"0":"post-353306","1":"product","2":"type-product","3":"status-publish","5":"product_cat-sporrespill-voksenspill","6":"product_cat-sporrespill","7":"product_tag-kunnskap","8":"brand-iknow_no","10":"first","11":"instock","12":"taxable","13":"shipping-taxable","14":"product-type-simple"},"aioseo_notices":[],"_links":{"self":[{"href":"https:\/\/games.tactic.net\/no\/wp-json\/wp\/v2\/product\/353306","targetHints":{"allow":["GET"]}}],"collection":[{"href":"https:\/\/games.tactic.net\/no\/wp-json\/wp\/v2\/product"}],"about":[{"href":"https:\/\/games.tactic.net\/no\/wp-json\/wp\/v2\/types\/product"}],"wp:attachment":[{"href":"https:\/\/games.tactic.net\/no\/wp-json\/wp\/v2\/media?parent=353306"}],"wp:term":[{"taxonomy":"product_brand","embeddable":true,"href":"https:\/\/games.tactic.net\/no\/wp-json\/wp\/v2\/product_brand?post=353306"},{"taxonomy":"product_cat","embeddable":true,"href":"https:\/\/games.tactic.net\/no\/wp-json\/wp\/v2\/product_cat?post=353306"},{"taxonomy":"product_tag","embeddable":true,"href":"https:\/\/games.tactic.net\/no\/wp-json\/wp\/v2\/product_tag?post=353306"},{"taxonomy":"brand","embeddable":true,"href":"https:\/\/games.tactic.net\/no\/wp-json\/wp\/v2\/brand?post=353306"},{"taxonomy":"target-group","embeddable":true,"href":"https:\/\/games.tactic.net\/no\/wp-json\/wp\/v2\/target-group?post=353306"},{"taxonomy":"discontinued","embeddable":true,"href":"https:\/\/games.tactic.net\/no\/wp-json\/wp\/v2\/discontinued?post=353306"}],"curies":[{"name":"wp","href":"https:\/\/api.w.org\/{rel}","templated":true}]}}