{"id":350824,"date":"2022-01-21T15:26:42","date_gmt":"2022-01-21T13:26:42","guid":{"rendered":"https:\/\/games.tactic.net\/tuote\/iknow-familiequiz\/"},"modified":"2022-11-02T12:36:13","modified_gmt":"2022-11-02T10:36:13","slug":"iknow-familiequiz","status":"publish","type":"product","link":"https:\/\/games.tactic.net\/no\/tuote\/iknow-familiequiz\/","title":{"rendered":"iKNOW Familiequiz"},"content":{"rendered":"<div>I dette innovative trivia-spillet svarer spillerne p\u00e5 sp\u00f8rsm\u00e5l fra fire forskjellige kategorier, mens de andre spillerne vedder p\u00e5 om svarene deres er riktige eller ikke. Men det er en vri &#8211; hvis du tror du vet bedre, kan du pr\u00f8ve \u00e5 ta noen poeng til deg selv ogs\u00e5!<\/div>\n<div><\/div>\n<div>\u2022 Kommer med sp\u00f8rsm\u00e5l som er enkle for \u00e9n aldersgruppe, men som er en morsom utfordring for andre!<\/div>\n<div>\u2022 Nytt spill, perfekt for hele familien.<\/div>\n<div>\u2022 I dette spillet kan du vinne ved \u00e5 kjenne de andre spillerne!<\/div>\n","protected":false},"excerpt":{"rendered":"<p>I dette innovative trivia-spillet svarer spillerne p\u00e5 sp\u00f8rsm\u00e5l fra fire forskjellige kategorier, mens de andre spillerne vedder p\u00e5 om svarene deres er riktige eller ikke. Men det er en vri &#8211; hvis du tror du vet bedre, kan du pr\u00f8ve \u00e5 ta noen poeng til deg selv ogs\u00e5!<\/p>\n","protected":false},"featured_media":0,"template":"","meta":{"content-type":"","_monsterinsights_skip_tracking":false,"_monsterinsights_sitenote_active":false,"_monsterinsights_sitenote_note":"","_monsterinsights_sitenote_category":0},"product_brand":[],"product_cat":[1664],"product_tag":[1274],"brand":[{"id":2092,"name":"iKNOW","slug":"iknow_no"}],"target-group":[],"discontinued":[],"class_list":{"0":"post-350824","1":"product","2":"type-product","3":"status-publish","5":"product_cat-sporrespill","6":"product_tag-kunnskap","7":"brand-iknow_no","9":"first","10":"outofstock","11":"taxable","12":"shipping-taxable","13":"product-type-simple"},"aioseo_notices":[],"_links":{"self":[{"href":"https:\/\/games.tactic.net\/no\/wp-json\/wp\/v2\/product\/350824","targetHints":{"allow":["GET"]}}],"collection":[{"href":"https:\/\/games.tactic.net\/no\/wp-json\/wp\/v2\/product"}],"about":[{"href":"https:\/\/games.tactic.net\/no\/wp-json\/wp\/v2\/types\/product"}],"wp:attachment":[{"href":"https:\/\/games.tactic.net\/no\/wp-json\/wp\/v2\/media?parent=350824"}],"wp:term":[{"taxonomy":"product_brand","embeddable":true,"href":"https:\/\/games.tactic.net\/no\/wp-json\/wp\/v2\/product_brand?post=350824"},{"taxonomy":"product_cat","embeddable":true,"href":"https:\/\/games.tactic.net\/no\/wp-json\/wp\/v2\/product_cat?post=350824"},{"taxonomy":"product_tag","embeddable":true,"href":"https:\/\/games.tactic.net\/no\/wp-json\/wp\/v2\/product_tag?post=350824"},{"taxonomy":"brand","embeddable":true,"href":"https:\/\/games.tactic.net\/no\/wp-json\/wp\/v2\/brand?post=350824"},{"taxonomy":"target-group","embeddable":true,"href":"https:\/\/games.tactic.net\/no\/wp-json\/wp\/v2\/target-group?post=350824"},{"taxonomy":"discontinued","embeddable":true,"href":"https:\/\/games.tactic.net\/no\/wp-json\/wp\/v2\/discontinued?post=350824"}],"curies":[{"name":"wp","href":"https:\/\/api.w.org\/{rel}","templated":true}]}}