{"id":350809,"date":"2022-01-21T15:26:17","date_gmt":"2022-01-21T13:26:17","guid":{"rendered":"https:\/\/games.tactic.net\/tuote\/its-a-deal\/"},"modified":"2022-01-21T15:26:17","modified_gmt":"2022-01-21T13:26:17","slug":"its-a-deal","status":"archive","type":"product","link":"https:\/\/games.tactic.net\/no\/tuote\/its-a-deal\/","title":{"rendered":"It\u2019s a Deal"},"content":{"rendered":"<div>Invester i de mest lovende selskapene og fors\u00f8k \u00e5 samle s\u00e5 store verdier du kan! Spillerne m\u00e5 pr\u00f8ve \u00e5 ta kloke valg i et stadig skiftende marked, hvor alt er p\u00e5 salg&#8230;<\/div>\n<div><\/div>\n<div>\u2022 Et forretningsspill hvor alle har mulighet for suksess!<\/div>\n<div>\u2022 Kommer med imponerende, metalliske gullbarrer.<\/div>\n<div>\u2022 Passende for hele familien!<\/div>\n","protected":false},"excerpt":{"rendered":"<p>Invester i de mest lovende selskapene og fors\u00f8k \u00e5 samle s\u00e5 store verdier du kan! Spillerne m\u00e5 pr\u00f8ve \u00e5 ta kloke valg i et stadig skiftende marked, hvor alt er p\u00e5 salg&#8230;<\/p>\n","protected":false},"featured_media":0,"template":"","meta":{"content-type":"","_monsterinsights_skip_tracking":false,"_monsterinsights_sitenote_active":false,"_monsterinsights_sitenote_note":"","_monsterinsights_sitenote_category":0},"product_brand":[],"product_cat":[1619],"product_tag":[],"brand":[],"target-group":[],"discontinued":[],"class_list":{"0":"post-350809","1":"product","2":"type-product","3":"status-archive","5":"product_cat-brettspill","7":"first","8":"outofstock","9":"taxable","10":"shipping-taxable","11":"product-type-simple"},"aioseo_notices":[],"_links":{"self":[{"href":"https:\/\/games.tactic.net\/no\/wp-json\/wp\/v2\/product\/350809","targetHints":{"allow":["GET"]}}],"collection":[{"href":"https:\/\/games.tactic.net\/no\/wp-json\/wp\/v2\/product"}],"about":[{"href":"https:\/\/games.tactic.net\/no\/wp-json\/wp\/v2\/types\/product"}],"wp:attachment":[{"href":"https:\/\/games.tactic.net\/no\/wp-json\/wp\/v2\/media?parent=350809"}],"wp:term":[{"taxonomy":"product_brand","embeddable":true,"href":"https:\/\/games.tactic.net\/no\/wp-json\/wp\/v2\/product_brand?post=350809"},{"taxonomy":"product_cat","embeddable":true,"href":"https:\/\/games.tactic.net\/no\/wp-json\/wp\/v2\/product_cat?post=350809"},{"taxonomy":"product_tag","embeddable":true,"href":"https:\/\/games.tactic.net\/no\/wp-json\/wp\/v2\/product_tag?post=350809"},{"taxonomy":"brand","embeddable":true,"href":"https:\/\/games.tactic.net\/no\/wp-json\/wp\/v2\/brand?post=350809"},{"taxonomy":"target-group","embeddable":true,"href":"https:\/\/games.tactic.net\/no\/wp-json\/wp\/v2\/target-group?post=350809"},{"taxonomy":"discontinued","embeddable":true,"href":"https:\/\/games.tactic.net\/no\/wp-json\/wp\/v2\/discontinued?post=350809"}],"curies":[{"name":"wp","href":"https:\/\/api.w.org\/{rel}","templated":true}]}}