{"id":338828,"date":"2022-01-20T16:06:33","date_gmt":"2022-01-20T14:06:33","guid":{"rendered":"https:\/\/games.tactic.net\/tuote\/lumo-stars-butterfly-sommar-classic\/"},"modified":"2023-10-20T14:07:07","modified_gmt":"2023-10-20T11:07:07","slug":"lumo-stars-butterfly-sommar-classic","status":"publish","type":"product","link":"https:\/\/games.tactic.net\/no\/tuote\/lumo-stars-butterfly-sommar-classic\/","title":{"rendered":"Lumo Stars Butterfly Sommar classic plush"},"content":{"rendered":"<p>Classic 15 cm. Samlebar baby dyr plysj. Glad, huggable, vennlig, snill og s\u00f8t. Vi smiler mer! S\u00f8t plysjsamling i Northern Brights er basert p\u00e5 den ekte nordiske naturen og dyrelivet. Finsk design. Er ikke vingene mine vakre, s\u00e5 fargerike og glitrende! Du kan se meg fly rundt fargerike blomster om sommeren.   www.lumostars.com<\/p>\n","protected":false},"excerpt":{"rendered":"<p>Classic 15 cm.<\/p>\n","protected":false},"featured_media":0,"template":"","meta":{"content-type":"","_monsterinsights_skip_tracking":false,"_monsterinsights_sitenote_active":false,"_monsterinsights_sitenote_note":"","_monsterinsights_sitenote_category":0},"product_brand":[],"product_cat":[1679],"product_tag":[1258],"brand":[{"id":1019,"name":"Lumo Stars","slug":"lumo-stars_no"}],"target-group":[],"discontinued":[],"class_list":{"0":"post-338828","1":"product","2":"type-product","3":"status-publish","5":"product_cat-classic-plysj-kosedyr","6":"product_tag-lumo-stars-no","7":"brand-lumo-stars_no","9":"first","10":"instock","11":"taxable","12":"shipping-taxable","13":"product-type-simple"},"aioseo_notices":[],"_links":{"self":[{"href":"https:\/\/games.tactic.net\/no\/wp-json\/wp\/v2\/product\/338828","targetHints":{"allow":["GET"]}}],"collection":[{"href":"https:\/\/games.tactic.net\/no\/wp-json\/wp\/v2\/product"}],"about":[{"href":"https:\/\/games.tactic.net\/no\/wp-json\/wp\/v2\/types\/product"}],"wp:attachment":[{"href":"https:\/\/games.tactic.net\/no\/wp-json\/wp\/v2\/media?parent=338828"}],"wp:term":[{"taxonomy":"product_brand","embeddable":true,"href":"https:\/\/games.tactic.net\/no\/wp-json\/wp\/v2\/product_brand?post=338828"},{"taxonomy":"product_cat","embeddable":true,"href":"https:\/\/games.tactic.net\/no\/wp-json\/wp\/v2\/product_cat?post=338828"},{"taxonomy":"product_tag","embeddable":true,"href":"https:\/\/games.tactic.net\/no\/wp-json\/wp\/v2\/product_tag?post=338828"},{"taxonomy":"brand","embeddable":true,"href":"https:\/\/games.tactic.net\/no\/wp-json\/wp\/v2\/brand?post=338828"},{"taxonomy":"target-group","embeddable":true,"href":"https:\/\/games.tactic.net\/no\/wp-json\/wp\/v2\/target-group?post=338828"},{"taxonomy":"discontinued","embeddable":true,"href":"https:\/\/games.tactic.net\/no\/wp-json\/wp\/v2\/discontinued?post=338828"}],"curies":[{"name":"wp","href":"https:\/\/api.w.org\/{rel}","templated":true}]}}