{"id":338583,"date":"2022-01-20T16:04:07","date_gmt":"2022-01-20T14:04:07","guid":{"rendered":"https:\/\/games.tactic.net\/tuote\/lumo-stars-wolf-susi-big\/"},"modified":"2023-10-20T18:01:46","modified_gmt":"2023-10-20T15:01:46","slug":"lumo-stars-wolf-susi-big","status":"publish","type":"product","link":"https:\/\/games.tactic.net\/no\/tuote\/lumo-stars-wolf-susi-big\/","title":{"rendered":"Lumo Stars Wolf Susi big plush"},"content":{"rendered":"<p>Stor 24 cm. Samledyr plysj. Glad, klemvennlig, vennlig, snill og s\u00f8t. Vi smiler mer! Den s\u00f8te Northern Brights-plysjkolleksjonen er basert p\u00e5 ekte nordisk natur og dyreliv. Ren finsk design. Hallo min kj\u00e6re venn, jeg er din nye bestevenn. Vi kommer til \u00e5 ha det s\u00e5 g\u00f8y sammen!<\/p>\n","protected":false},"excerpt":{"rendered":"<p>Big 24 cm.<\/p>\n","protected":false},"featured_media":0,"template":"","meta":{"content-type":"","_monsterinsights_skip_tracking":false,"_monsterinsights_sitenote_active":false,"_monsterinsights_sitenote_note":"","_monsterinsights_sitenote_category":0},"product_brand":[],"product_cat":[1681],"product_tag":[],"brand":[{"id":1019,"name":"Lumo Stars","slug":"lumo-stars_no"}],"target-group":[],"discontinued":[],"class_list":{"0":"post-338583","1":"product","2":"type-product","3":"status-publish","5":"product_cat-big-plysj-kosedyr","6":"brand-lumo-stars_no","8":"first","9":"instock","10":"taxable","11":"shipping-taxable","12":"product-type-simple"},"aioseo_notices":[],"_links":{"self":[{"href":"https:\/\/games.tactic.net\/no\/wp-json\/wp\/v2\/product\/338583","targetHints":{"allow":["GET"]}}],"collection":[{"href":"https:\/\/games.tactic.net\/no\/wp-json\/wp\/v2\/product"}],"about":[{"href":"https:\/\/games.tactic.net\/no\/wp-json\/wp\/v2\/types\/product"}],"wp:attachment":[{"href":"https:\/\/games.tactic.net\/no\/wp-json\/wp\/v2\/media?parent=338583"}],"wp:term":[{"taxonomy":"product_brand","embeddable":true,"href":"https:\/\/games.tactic.net\/no\/wp-json\/wp\/v2\/product_brand?post=338583"},{"taxonomy":"product_cat","embeddable":true,"href":"https:\/\/games.tactic.net\/no\/wp-json\/wp\/v2\/product_cat?post=338583"},{"taxonomy":"product_tag","embeddable":true,"href":"https:\/\/games.tactic.net\/no\/wp-json\/wp\/v2\/product_tag?post=338583"},{"taxonomy":"brand","embeddable":true,"href":"https:\/\/games.tactic.net\/no\/wp-json\/wp\/v2\/brand?post=338583"},{"taxonomy":"target-group","embeddable":true,"href":"https:\/\/games.tactic.net\/no\/wp-json\/wp\/v2\/target-group?post=338583"},{"taxonomy":"discontinued","embeddable":true,"href":"https:\/\/games.tactic.net\/no\/wp-json\/wp\/v2\/discontinued?post=338583"}],"curies":[{"name":"wp","href":"https:\/\/api.w.org\/{rel}","templated":true}]}}