{"id":330481,"date":"2022-01-20T12:12:49","date_gmt":"2022-01-20T10:12:49","guid":{"rendered":"https:\/\/games.tactic.net\/tuote\/lets-play-whats-in-the-fridge\/"},"modified":"2025-12-03T15:02:34","modified_gmt":"2025-12-03T13:02:34","slug":"lets-play-whats-in-the-fridge","status":"archive","type":"product","link":"https:\/\/games.tactic.net\/no\/tuote\/lets-play-whats-in-the-fridge\/","title":{"rendered":"Let\u00b4s Play What\u2019s in the Fridge?"},"content":{"rendered":"<p>Rull terningen og pr\u00f8v \u00e5 svare p\u00e5 sp\u00f8rsm\u00e5l om hva som finnes i kj\u00f8leskapet! Var osten p\u00e5 \u00f8verste hylle, og har noen lagt maisen bak p\u00e5 midtre hylle? Jo bedre du husker, jo raskere kan du kvitte deg med dine egne matvarer, og vinne!<br \/>\nEn helt moderne vri p\u00e5 et klassisk hukommelses spill!<br \/>\nKommer med fargerike og morsomme brikker.<br \/>\nEmballasjen fungerer som kj\u00f8leskap!<\/p>\n","protected":false},"excerpt":{"rendered":"<p>Rull terningen og pr\u00f8v \u00e5 svare p\u00e5 sp\u00f8rsm\u00e5l om hva som finnes i kj\u00f8leskapet! Var osten p\u00e5 \u00f8verste hylle, og har noen lagt maisen bak p\u00e5 midtre hylle? Jo bedre du husker, jo raskere kan du kvitte deg med dine egne matvarer, og vinne!<\/p>\n","protected":false},"featured_media":0,"template":"","meta":{"content-type":"","_monsterinsights_skip_tracking":false,"_monsterinsights_sitenote_active":false,"_monsterinsights_sitenote_note":"","_monsterinsights_sitenote_category":0},"product_brand":[],"product_cat":[1608],"product_tag":[],"brand":[],"target-group":[],"discontinued":[],"class_list":{"0":"post-330481","1":"product","2":"type-product","3":"status-archive","5":"product_cat-reisespill-barnespill","7":"first","8":"instock","9":"taxable","10":"shipping-taxable","11":"product-type-simple"},"aioseo_notices":[],"_links":{"self":[{"href":"https:\/\/games.tactic.net\/no\/wp-json\/wp\/v2\/product\/330481","targetHints":{"allow":["GET"]}}],"collection":[{"href":"https:\/\/games.tactic.net\/no\/wp-json\/wp\/v2\/product"}],"about":[{"href":"https:\/\/games.tactic.net\/no\/wp-json\/wp\/v2\/types\/product"}],"wp:attachment":[{"href":"https:\/\/games.tactic.net\/no\/wp-json\/wp\/v2\/media?parent=330481"}],"wp:term":[{"taxonomy":"product_brand","embeddable":true,"href":"https:\/\/games.tactic.net\/no\/wp-json\/wp\/v2\/product_brand?post=330481"},{"taxonomy":"product_cat","embeddable":true,"href":"https:\/\/games.tactic.net\/no\/wp-json\/wp\/v2\/product_cat?post=330481"},{"taxonomy":"product_tag","embeddable":true,"href":"https:\/\/games.tactic.net\/no\/wp-json\/wp\/v2\/product_tag?post=330481"},{"taxonomy":"brand","embeddable":true,"href":"https:\/\/games.tactic.net\/no\/wp-json\/wp\/v2\/brand?post=330481"},{"taxonomy":"target-group","embeddable":true,"href":"https:\/\/games.tactic.net\/no\/wp-json\/wp\/v2\/target-group?post=330481"},{"taxonomy":"discontinued","embeddable":true,"href":"https:\/\/games.tactic.net\/no\/wp-json\/wp\/v2\/discontinued?post=330481"}],"curies":[{"name":"wp","href":"https:\/\/api.w.org\/{rel}","templated":true}]}}