{"id":330466,"date":"2022-01-20T12:12:23","date_gmt":"2022-01-20T10:12:23","guid":{"rendered":"https:\/\/games.tactic.net\/tuote\/story-game-pa-tur-til-verdensrommet\/"},"modified":"2022-01-20T12:12:23","modified_gmt":"2022-01-20T10:12:23","slug":"story-game-pa-tur-til-verdensrommet","status":"publish","type":"product","link":"https:\/\/games.tactic.net\/no\/tuote\/story-game-pa-tur-til-verdensrommet\/","title":{"rendered":"Story Game P\u00e5 tur til Verdensrommet"},"content":{"rendered":"<p>Kast terningene og sjekk tallet og fargen p\u00e5 Romkortet ditt. Pr\u00f8v \u00e5 markere banen til hvert romskip med planet brikker, og v\u00e6r den som roper \u201dferdig\u201d f\u00f8rst. Denne moderne klassikeren holder spillerne p\u00e5 t\u00e6rne helt til slutten!<br \/>\nMasse innhold med 6 forskjellige rom spillbrett og over 100 planet brikker!<br \/>\nSpillet er enkelt men vanedannende.<br \/>\nHistorien kommer virkelig til live i spillet!<\/p>\n","protected":false},"excerpt":{"rendered":"<p>Kast terningene og sjekk tallet og fargen p\u00e5 Romkortet ditt. Pr\u00f8v \u00e5 markere banen til hvert romskip med planet brikker, og v\u00e6r den som roper \u201dferdig\u201d f\u00f8rst. Denne moderne klassikeren holder spillerne p\u00e5 t\u00e6rne helt til slutten!<\/p>\n","protected":false},"featured_media":330452,"template":"","meta":{"content-type":"","_monsterinsights_skip_tracking":false,"_monsterinsights_sitenote_active":false,"_monsterinsights_sitenote_note":"","_monsterinsights_sitenote_category":0},"product_brand":[],"product_cat":[1649],"product_tag":[],"brand":[],"target-group":[],"discontinued":[],"class_list":{"0":"post-330466","1":"product","2":"type-product","3":"status-publish","4":"has-post-thumbnail","6":"product_cat-barnespill-barnespill","8":"first","9":"instock","10":"taxable","11":"shipping-taxable","12":"product-type-simple"},"aioseo_notices":[],"_links":{"self":[{"href":"https:\/\/games.tactic.net\/no\/wp-json\/wp\/v2\/product\/330466","targetHints":{"allow":["GET"]}}],"collection":[{"href":"https:\/\/games.tactic.net\/no\/wp-json\/wp\/v2\/product"}],"about":[{"href":"https:\/\/games.tactic.net\/no\/wp-json\/wp\/v2\/types\/product"}],"wp:featuredmedia":[{"embeddable":true,"href":"https:\/\/games.tactic.net\/no\/wp-json\/wp\/v2\/media\/330452"}],"wp:attachment":[{"href":"https:\/\/games.tactic.net\/no\/wp-json\/wp\/v2\/media?parent=330466"}],"wp:term":[{"taxonomy":"product_brand","embeddable":true,"href":"https:\/\/games.tactic.net\/no\/wp-json\/wp\/v2\/product_brand?post=330466"},{"taxonomy":"product_cat","embeddable":true,"href":"https:\/\/games.tactic.net\/no\/wp-json\/wp\/v2\/product_cat?post=330466"},{"taxonomy":"product_tag","embeddable":true,"href":"https:\/\/games.tactic.net\/no\/wp-json\/wp\/v2\/product_tag?post=330466"},{"taxonomy":"brand","embeddable":true,"href":"https:\/\/games.tactic.net\/no\/wp-json\/wp\/v2\/brand?post=330466"},{"taxonomy":"target-group","embeddable":true,"href":"https:\/\/games.tactic.net\/no\/wp-json\/wp\/v2\/target-group?post=330466"},{"taxonomy":"discontinued","embeddable":true,"href":"https:\/\/games.tactic.net\/no\/wp-json\/wp\/v2\/discontinued?post=330466"}],"curies":[{"name":"wp","href":"https:\/\/api.w.org\/{rel}","templated":true}]}}