{"id":330451,"date":"2022-01-20T12:11:59","date_gmt":"2022-01-20T10:11:59","guid":{"rendered":"https:\/\/games.tactic.net\/tuote\/story-game-havutforskere\/"},"modified":"2022-01-20T12:11:59","modified_gmt":"2022-01-20T10:11:59","slug":"story-game-havutforskere","status":"publish","type":"product","link":"https:\/\/games.tactic.net\/no\/tuote\/story-game-havutforskere\/","title":{"rendered":"Story Game Havutforskere"},"content":{"rendered":"<p>Kast den store treterningen, og snu et av puslespillene p\u00e5 bordet. Pr\u00f8v \u00e5 finne de riktige brikkene for det marine puslespillet ditt, samtidig som du holder et \u00f8ye med hva de andre spillerne finner. Et lettl\u00e6rt spill for de yngste spillerne!<br \/>\nFremmer samsvars-ferdigheter og hukommelse.<br \/>\nKommer med en stor, vakker terning i tre!<br \/>\nEn perfekt kombinasjon av flaks og hukommelse.<\/p>\n","protected":false},"excerpt":{"rendered":"<p>Kast den store treterningen, og snu et av puslespillene p\u00e5 bordet. Pr\u00f8v \u00e5 finne de riktige brikkene for det marine puslespillet ditt, samtidig som du holder et \u00f8ye med hva de andre spillerne finner.<\/p>\n","protected":false},"featured_media":330437,"template":"","meta":{"content-type":"","_monsterinsights_skip_tracking":false,"_monsterinsights_sitenote_active":false,"_monsterinsights_sitenote_note":"","_monsterinsights_sitenote_category":0},"product_brand":[],"product_cat":[1649],"product_tag":[],"brand":[],"target-group":[],"discontinued":[],"class_list":{"0":"post-330451","1":"product","2":"type-product","3":"status-publish","4":"has-post-thumbnail","6":"product_cat-barnespill-barnespill","8":"first","9":"instock","10":"taxable","11":"shipping-taxable","12":"product-type-simple"},"aioseo_notices":[],"_links":{"self":[{"href":"https:\/\/games.tactic.net\/no\/wp-json\/wp\/v2\/product\/330451","targetHints":{"allow":["GET"]}}],"collection":[{"href":"https:\/\/games.tactic.net\/no\/wp-json\/wp\/v2\/product"}],"about":[{"href":"https:\/\/games.tactic.net\/no\/wp-json\/wp\/v2\/types\/product"}],"wp:featuredmedia":[{"embeddable":true,"href":"https:\/\/games.tactic.net\/no\/wp-json\/wp\/v2\/media\/330437"}],"wp:attachment":[{"href":"https:\/\/games.tactic.net\/no\/wp-json\/wp\/v2\/media?parent=330451"}],"wp:term":[{"taxonomy":"product_brand","embeddable":true,"href":"https:\/\/games.tactic.net\/no\/wp-json\/wp\/v2\/product_brand?post=330451"},{"taxonomy":"product_cat","embeddable":true,"href":"https:\/\/games.tactic.net\/no\/wp-json\/wp\/v2\/product_cat?post=330451"},{"taxonomy":"product_tag","embeddable":true,"href":"https:\/\/games.tactic.net\/no\/wp-json\/wp\/v2\/product_tag?post=330451"},{"taxonomy":"brand","embeddable":true,"href":"https:\/\/games.tactic.net\/no\/wp-json\/wp\/v2\/brand?post=330451"},{"taxonomy":"target-group","embeddable":true,"href":"https:\/\/games.tactic.net\/no\/wp-json\/wp\/v2\/target-group?post=330451"},{"taxonomy":"discontinued","embeddable":true,"href":"https:\/\/games.tactic.net\/no\/wp-json\/wp\/v2\/discontinued?post=330451"}],"curies":[{"name":"wp","href":"https:\/\/api.w.org\/{rel}","templated":true}]}}