{"id":327927,"date":"2022-01-20T11:15:44","date_gmt":"2022-01-20T09:15:44","guid":{"rendered":"https:\/\/games.tactic.net\/tuote\/familiens-sporrespil\/"},"modified":"2022-01-20T11:15:44","modified_gmt":"2022-01-20T09:15:44","slug":"familiens-sporrespil","status":"archive","type":"product","link":"https:\/\/games.tactic.net\/no\/tuote\/familiens-sporrespil\/","title":{"rendered":"Familiens Sp\u00f8rrespil reisespill"},"content":{"rendered":"<p>SP\u00d8RRESPILL FOR FAMILIER P\u00c5 REISE! Denne lommeutgaven av Familiens Sp\u00f8rrespill er perfekt reiseunderholdning! Spillet inneholder 600 sp\u00f8rsm\u00e5l i fem forskjellige kategorier som spenner seg fra Geografi til Musikk og Sport. Bli den f\u00f8rste til \u00e5 n\u00e5 30 poeng og vinn spillet!<\/p>\n","protected":false},"excerpt":{"rendered":"<p>SP\u00d8RRESPILL FOR FAMILIER P\u00c5 REISE! Denne lommeutgaven av Familiens Sp\u00f8rrespill er perfekt reiseunderholdning! Spillet inneholder 600 sp\u00f8rsm\u00e5l i fem forskjellige kategorier som spenner seg fra Geografi til Musikk og Sport. Bli den f\u00f8rste til \u00e5 n\u00e5 30 poeng og vinn spillet!<\/p>\n","protected":false},"featured_media":327913,"template":"","meta":{"content-type":"","_monsterinsights_skip_tracking":false,"_monsterinsights_sitenote_active":false,"_monsterinsights_sitenote_note":"","_monsterinsights_sitenote_category":0},"product_brand":[],"product_cat":[1587],"product_tag":[],"brand":[],"target-group":[],"discontinued":[],"class_list":{"0":"post-327927","1":"product","2":"type-product","3":"status-archive","4":"has-post-thumbnail","6":"product_cat-reisespill-familiespill","8":"first","9":"instock","10":"taxable","11":"shipping-taxable","12":"product-type-simple"},"aioseo_notices":[],"_links":{"self":[{"href":"https:\/\/games.tactic.net\/no\/wp-json\/wp\/v2\/product\/327927","targetHints":{"allow":["GET"]}}],"collection":[{"href":"https:\/\/games.tactic.net\/no\/wp-json\/wp\/v2\/product"}],"about":[{"href":"https:\/\/games.tactic.net\/no\/wp-json\/wp\/v2\/types\/product"}],"wp:featuredmedia":[{"embeddable":true,"href":"https:\/\/games.tactic.net\/no\/wp-json\/wp\/v2\/media\/327913"}],"wp:attachment":[{"href":"https:\/\/games.tactic.net\/no\/wp-json\/wp\/v2\/media?parent=327927"}],"wp:term":[{"taxonomy":"product_brand","embeddable":true,"href":"https:\/\/games.tactic.net\/no\/wp-json\/wp\/v2\/product_brand?post=327927"},{"taxonomy":"product_cat","embeddable":true,"href":"https:\/\/games.tactic.net\/no\/wp-json\/wp\/v2\/product_cat?post=327927"},{"taxonomy":"product_tag","embeddable":true,"href":"https:\/\/games.tactic.net\/no\/wp-json\/wp\/v2\/product_tag?post=327927"},{"taxonomy":"brand","embeddable":true,"href":"https:\/\/games.tactic.net\/no\/wp-json\/wp\/v2\/brand?post=327927"},{"taxonomy":"target-group","embeddable":true,"href":"https:\/\/games.tactic.net\/no\/wp-json\/wp\/v2\/target-group?post=327927"},{"taxonomy":"discontinued","embeddable":true,"href":"https:\/\/games.tactic.net\/no\/wp-json\/wp\/v2\/discontinued?post=327927"}],"curies":[{"name":"wp","href":"https:\/\/api.w.org\/{rel}","templated":true}]}}