{"id":327688,"date":"2022-01-20T11:02:15","date_gmt":"2022-01-20T09:02:15","guid":{"rendered":"https:\/\/games.tactic.net\/tuote\/jeg-er-alias\/"},"modified":"2022-01-20T11:02:15","modified_gmt":"2022-01-20T09:02:15","slug":"jeg-er-alias","status":"publish","type":"product","link":"https:\/\/games.tactic.net\/no\/tuote\/jeg-er-alias\/","title":{"rendered":"Jeg er&#8230; Alias"},"content":{"rendered":"<div>Hver spiller trer p\u00e5 seg et panneb\u00e5nd med et kort i. S\u00e5 m\u00e5 spilleren i tur forklare hver spiller hvilken karakter de har i sitt panneb\u00e5nd. Spilleren som kommer lengste i l\u00f8pet av et gitt antall runder, vinner spillet!<\/div>\n<div><\/div>\n<div>\u2022 Alle spiller samtidig!<\/div>\n<div>\u2022 Spillet er fullt av lattervekkende karakterer og artige \u00f8yeblikk.<\/div>\n<div>\u2022 Et raskt, ribbeinskilende ordforklaringsspill!<\/div>\n","protected":false},"excerpt":{"rendered":"<p>Hver spiller trer p\u00e5 seg et panneb\u00e5nd med et kort i. S\u00e5 m\u00e5 spilleren i tur forklare hver spiller hvilken karakter de har i sitt panneb\u00e5nd. Spilleren som kommer lengste i l\u00f8pet av et gitt antall runder, vinner spillet!<\/p>\n","protected":false},"featured_media":0,"template":"","meta":{"content-type":"","_monsterinsights_skip_tracking":false,"_monsterinsights_sitenote_active":false,"_monsterinsights_sitenote_note":"","_monsterinsights_sitenote_category":0},"product_brand":[],"product_cat":[1619],"product_tag":[],"brand":[],"target-group":[],"discontinued":[],"class_list":{"0":"post-327688","1":"product","2":"type-product","3":"status-publish","5":"product_cat-brettspill","7":"first","8":"outofstock","9":"taxable","10":"shipping-taxable","11":"product-type-simple"},"aioseo_notices":[],"_links":{"self":[{"href":"https:\/\/games.tactic.net\/no\/wp-json\/wp\/v2\/product\/327688","targetHints":{"allow":["GET"]}}],"collection":[{"href":"https:\/\/games.tactic.net\/no\/wp-json\/wp\/v2\/product"}],"about":[{"href":"https:\/\/games.tactic.net\/no\/wp-json\/wp\/v2\/types\/product"}],"wp:attachment":[{"href":"https:\/\/games.tactic.net\/no\/wp-json\/wp\/v2\/media?parent=327688"}],"wp:term":[{"taxonomy":"product_brand","embeddable":true,"href":"https:\/\/games.tactic.net\/no\/wp-json\/wp\/v2\/product_brand?post=327688"},{"taxonomy":"product_cat","embeddable":true,"href":"https:\/\/games.tactic.net\/no\/wp-json\/wp\/v2\/product_cat?post=327688"},{"taxonomy":"product_tag","embeddable":true,"href":"https:\/\/games.tactic.net\/no\/wp-json\/wp\/v2\/product_tag?post=327688"},{"taxonomy":"brand","embeddable":true,"href":"https:\/\/games.tactic.net\/no\/wp-json\/wp\/v2\/brand?post=327688"},{"taxonomy":"target-group","embeddable":true,"href":"https:\/\/games.tactic.net\/no\/wp-json\/wp\/v2\/target-group?post=327688"},{"taxonomy":"discontinued","embeddable":true,"href":"https:\/\/games.tactic.net\/no\/wp-json\/wp\/v2\/discontinued?post=327688"}],"curies":[{"name":"wp","href":"https:\/\/api.w.org\/{rel}","templated":true}]}}