{"id":326287,"date":"2022-01-20T10:48:30","date_gmt":"2022-01-20T08:48:30","guid":{"rendered":"https:\/\/games.tactic.net\/tuote\/king-of-the-hill\/"},"modified":"2024-06-17T10:46:42","modified_gmt":"2024-06-17T07:46:42","slug":"king-of-the-hill","status":"archive","type":"product","link":"https:\/\/games.tactic.net\/no\/tuote\/king-of-the-hill\/","title":{"rendered":"King of the Hill outdoor game"},"content":{"rendered":"<p>Bygg et stort slott, sett kongen og hans kameratene hans p\u00e5 plass, og start angrepet ditt!  Du scorer poeng p\u00e5 gode kast, men bare hvis du sl\u00e5r ned selveste kongen.  Spilleren med h\u00f8yeste poengsum vinner! Dette hagespillet i tre gir et godt slag i ferdighet og taktikk!<br \/>\nEt flott tre-spill av h\u00f8y kvalitet!<br \/>\nSpillerne kan endre spillet uendelig ved \u00e5 bygge forskjellige slott.<br \/>\nFlott kombinasjon av bowling og kasteferdigheter<\/p>\n","protected":false},"excerpt":{"rendered":"<p>Bygg et stort slott, sett kongen og hans kameratene hans p\u00e5 plass, og start angrepet ditt! Du scorer poeng p\u00e5 gode kast, men bare hvis du sl\u00e5r ned selveste kongen.<\/p>\n","protected":false},"featured_media":0,"template":"","meta":{"content-type":"","_monsterinsights_skip_tracking":false,"_monsterinsights_sitenote_active":false,"_monsterinsights_sitenote_note":"","_monsterinsights_sitenote_category":0},"product_brand":[],"product_cat":[1691,1826],"product_tag":[1251,974],"brand":[],"target-group":[],"discontinued":[],"class_list":{"0":"post-326287","1":"product","2":"type-product","3":"status-archive","5":"product_cat-andre-utespill-utespill-og-leker","6":"product_cat-salg","7":"product_tag-ferdighet-no","8":"product_tag-taktikk","10":"first","11":"outofstock","12":"sale","13":"taxable","14":"shipping-taxable","15":"product-type-simple"},"aioseo_notices":[],"_links":{"self":[{"href":"https:\/\/games.tactic.net\/no\/wp-json\/wp\/v2\/product\/326287","targetHints":{"allow":["GET"]}}],"collection":[{"href":"https:\/\/games.tactic.net\/no\/wp-json\/wp\/v2\/product"}],"about":[{"href":"https:\/\/games.tactic.net\/no\/wp-json\/wp\/v2\/types\/product"}],"wp:attachment":[{"href":"https:\/\/games.tactic.net\/no\/wp-json\/wp\/v2\/media?parent=326287"}],"wp:term":[{"taxonomy":"product_brand","embeddable":true,"href":"https:\/\/games.tactic.net\/no\/wp-json\/wp\/v2\/product_brand?post=326287"},{"taxonomy":"product_cat","embeddable":true,"href":"https:\/\/games.tactic.net\/no\/wp-json\/wp\/v2\/product_cat?post=326287"},{"taxonomy":"product_tag","embeddable":true,"href":"https:\/\/games.tactic.net\/no\/wp-json\/wp\/v2\/product_tag?post=326287"},{"taxonomy":"brand","embeddable":true,"href":"https:\/\/games.tactic.net\/no\/wp-json\/wp\/v2\/brand?post=326287"},{"taxonomy":"target-group","embeddable":true,"href":"https:\/\/games.tactic.net\/no\/wp-json\/wp\/v2\/target-group?post=326287"},{"taxonomy":"discontinued","embeddable":true,"href":"https:\/\/games.tactic.net\/no\/wp-json\/wp\/v2\/discontinued?post=326287"}],"curies":[{"name":"wp","href":"https:\/\/api.w.org\/{rel}","templated":true}]}}